{"id":91717,"date":"2024-05-02T17:45:09","date_gmt":"2024-05-02T15:45:09","guid":{"rendered":"https:\/\/gr.spschweiz.ch\/ambient-traffic-energia\/"},"modified":"2024-05-02T17:46:06","modified_gmt":"2024-05-02T15:46:06","slug":"ambient-traffic-energia","status":"publish","type":"page","link":"https:\/\/sp-gr.ch\/rm\/ambient-traffic-energia\/","title":{"rendered":"Ambient, traffic &#038; energia"},"content":{"rendered":"\t\t<div data-elementor-type=\"wp-post\" data-elementor-id=\"91717\" class=\"elementor elementor-91717 elementor-90593\" data-elementor-post-type=\"page\">\n\t\t\t\t\t\t<section class=\"elementor-section elementor-top-section elementor-element elementor-element-7b547f1 elementor-section-full_width elementor-section-height-default elementor-section-height-default\" data-id=\"7b547f1\" data-element_type=\"section\" data-settings=\"{&quot;jet_parallax_layout_list&quot;:[],&quot;background_background&quot;:&quot;classic&quot;}\">\n\t\t\t\t\t\t<div class=\"elementor-container elementor-column-gap-default\">\n\t\t\t\t\t<div class=\"elementor-column elementor-col-100 elementor-top-column elementor-element elementor-element-aecd980\" data-id=\"aecd980\" data-element_type=\"column\">\n\t\t\t<div class=\"elementor-widget-wrap elementor-element-populated\">\n\t\t\t\t\t\t<div class=\"elementor-element elementor-element-11c2fe9 elementor-widget elementor-widget-spacer\" data-id=\"11c2fe9\" data-element_type=\"widget\" data-widget_type=\"spacer.default\">\n\t\t\t\t<div class=\"elementor-widget-container\">\n\t\t\t\t\t\t\t<div class=\"elementor-spacer\">\n\t\t\t<div class=\"elementor-spacer-inner\"><\/div>\n\t\t<\/div>\n\t\t\t\t\t\t<\/div>\n\t\t\t\t<\/div>\n\t\t\t\t<div class=\"elementor-element elementor-element-2f40058 elementor-widget elementor-widget-heading\" data-id=\"2f40058\" data-element_type=\"widget\" data-widget_type=\"heading.default\">\n\t\t\t\t<div class=\"elementor-widget-container\">\n\t\t\t\t\t<h2 class=\"elementor-heading-title elementor-size-default\">AMBIENT, TRAFFIC &amp; ENERGIA<\/h2>\t\t\t\t<\/div>\n\t\t\t\t<\/div>\n\t\t\t\t<div class=\"elementor-element elementor-element-fdaf03e elementor-widget elementor-widget-spacer\" data-id=\"fdaf03e\" data-element_type=\"widget\" data-widget_type=\"spacer.default\">\n\t\t\t\t<div class=\"elementor-widget-container\">\n\t\t\t\t\t\t\t<div class=\"elementor-spacer\">\n\t\t\t<div class=\"elementor-spacer-inner\"><\/div>\n\t\t<\/div>\n\t\t\t\t\t\t<\/div>\n\t\t\t\t<\/div>\n\t\t\t\t\t<\/div>\n\t\t<\/div>\n\t\t\t\t\t<\/div>\n\t\t<\/section>\n\t\t\t\t<section class=\"elementor-section elementor-top-section elementor-element elementor-element-d8cabf4 elementor-section-boxed elementor-section-height-default elementor-section-height-default\" data-id=\"d8cabf4\" data-element_type=\"section\" data-settings=\"{&quot;jet_parallax_layout_list&quot;:[]}\">\n\t\t\t\t\t\t<div class=\"elementor-container elementor-column-gap-default\">\n\t\t\t\t\t<div class=\"elementor-column elementor-col-100 elementor-top-column elementor-element elementor-element-5d47cfc\" data-id=\"5d47cfc\" data-element_type=\"column\">\n\t\t\t<div class=\"elementor-widget-wrap elementor-element-populated\">\n\t\t\t\t\t\t<div class=\"elementor-element elementor-element-cba3d6e elementor-widget elementor-widget-spacer\" data-id=\"cba3d6e\" data-element_type=\"widget\" data-widget_type=\"spacer.default\">\n\t\t\t\t<div class=\"elementor-widget-container\">\n\t\t\t\t\t\t\t<div class=\"elementor-spacer\">\n\t\t\t<div class=\"elementor-spacer-inner\"><\/div>\n\t\t<\/div>\n\t\t\t\t\t\t<\/div>\n\t\t\t\t<\/div>\n\t\t\t\t<div class=\"elementor-element elementor-element-d8d365a elementor-widget elementor-widget-text-editor\" data-id=\"d8d365a\" data-element_type=\"widget\" data-widget_type=\"text-editor.default\">\n\t\t\t\t<div class=\"elementor-widget-container\">\n\t\t\t\t\t\t\t\t\t<p>Klimakatastrophe und Artensterben bedrohen unsere Existenzgrundlagen. Graub\u00fcnden darf nicht zuwarten und auf globale oder nationale L\u00f6sungen hoffen. Wir m\u00fcssen selber handeln und zwar dringlich. Deshalb setzen wir uns f\u00fcr einen griffigen Green Deal samt Klimafonds, eine Solaroffensive, eine kluge Wasserkraftstrategie und eine nachhaltige Verkehrswende ein. Den Vorsitz der Fachkommission f\u00fcr Umwelt, Verkehr und Energie h\u00e4lt Philipp Wilhelm.<\/p>\n\t\t\t\t\t\t\t\t<\/div>\n\t\t\t\t<\/div>\n\t\t\t\t\t<\/div>\n\t\t<\/div>\n\t\t\t\t\t<\/div>\n\t\t<\/section>\n\t\t\t\t<section class=\"elementor-section elementor-top-section elementor-element elementor-element-9876c5b elementor-section-boxed elementor-section-height-default elementor-section-height-default\" data-id=\"9876c5b\" data-element_type=\"section\" data-settings=\"{&quot;jet_parallax_layout_list&quot;:[]}\">\n\t\t\t\t\t\t<div class=\"elementor-container elementor-column-gap-default\">\n\t\t\t\t\t<div class=\"elementor-column elementor-col-50 elementor-top-column elementor-element elementor-element-6a41f4c\" data-id=\"6a41f4c\" data-element_type=\"column\">\n\t\t\t<div class=\"elementor-widget-wrap elementor-element-populated\">\n\t\t\t\t\t\t<div class=\"elementor-element elementor-element-c1ff153 elementor-widget elementor-widget-spps_person_grid\" data-id=\"c1ff153\" data-element_type=\"widget\" data-widget_type=\"spps_person_grid.default\">\n\t\t\t\t<div class=\"elementor-widget-container\">\n\t\t\t\t\t<div class=\"button-list-wrapper \"><div class=\"button-list-title\"><h2>Dumondas?<\/h2><\/div><div class=\"button-list-container\"><p>Es wurden keine Personen gefunden.<\/p><\/div><\/div>\t\t\t\t<\/div>\n\t\t\t\t<\/div>\n\t\t\t\t<div class=\"elementor-element elementor-element-399e3b3 elementor-widget elementor-widget-spps_button\" data-id=\"399e3b3\" data-element_type=\"widget\" data-widget_type=\"spps_button.default\">\n\t\t\t\t<div class=\"elementor-widget-container\">\n\t\t\t\t\t<div class=\"button-wrapper button-wrapper-left\"><a href=\"mailto: philipp.wilhelm@davos.gr.ch\"  target=\"_self\" class=\"button-link button-link-email\" >Tramettai in e-mail&nbsp;&nbsp;<i class=\"fa fa-envelope\"><\/i><\/a><\/div>\t\t\t\t<\/div>\n\t\t\t\t<\/div>\n\t\t\t\t\t<\/div>\n\t\t<\/div>\n\t\t\t\t<div class=\"elementor-column elementor-col-50 elementor-top-column elementor-element elementor-element-63650b6\" data-id=\"63650b6\" data-element_type=\"column\">\n\t\t\t<div class=\"elementor-widget-wrap\">\n\t\t\t\t\t\t\t<\/div>\n\t\t<\/div>\n\t\t\t\t\t<\/div>\n\t\t<\/section>\n\t\t\t\t<\/div>\n\t\t","protected":false},"excerpt":{"rendered":"<p>AMBIENT, TRAFFIC &#038; ENERGIA Klimakatastrophe und Artensterben bedrohen unsere Existenzgrundlagen. Graub\u00fcnden darf nicht zuwarten und auf globale oder nationale L\u00f6sungen hoffen. Wir m\u00fcssen selber handeln und zwar dringlich. Deshalb setzen [&hellip;]<\/p>\n","protected":false},"author":13,"featured_media":0,"parent":0,"menu_order":4,"comment_status":"closed","ping_status":"closed","template":"","meta":{"footnotes":""},"class_list":["post-91717","page","type-page","status-publish","hentry"],"_links":{"self":[{"href":"https:\/\/sp-gr.ch\/rm\/wp-json\/wp\/v2\/pages\/91717","targetHints":{"allow":["GET"]}}],"collection":[{"href":"https:\/\/sp-gr.ch\/rm\/wp-json\/wp\/v2\/pages"}],"about":[{"href":"https:\/\/sp-gr.ch\/rm\/wp-json\/wp\/v2\/types\/page"}],"author":[{"embeddable":true,"href":"https:\/\/sp-gr.ch\/rm\/wp-json\/wp\/v2\/users\/13"}],"replies":[{"embeddable":true,"href":"https:\/\/sp-gr.ch\/rm\/wp-json\/wp\/v2\/comments?post=91717"}],"version-history":[{"count":3,"href":"https:\/\/sp-gr.ch\/rm\/wp-json\/wp\/v2\/pages\/91717\/revisions"}],"predecessor-version":[{"id":91723,"href":"https:\/\/sp-gr.ch\/rm\/wp-json\/wp\/v2\/pages\/91717\/revisions\/91723"}],"wp:attachment":[{"href":"https:\/\/sp-gr.ch\/rm\/wp-json\/wp\/v2\/media?parent=91717"}],"curies":[{"name":"wp","href":"https:\/\/api.w.org\/{rel}","templated":true}]}}