{"id":91710,"date":"2024-05-02T17:44:00","date_gmt":"2024-05-02T15:44:00","guid":{"rendered":"https:\/\/gr.spschweiz.ch\/sanadad-fatgs-socials\/"},"modified":"2024-05-02T17:44:24","modified_gmt":"2024-05-02T15:44:24","slug":"sanadad-fatgs-socials","status":"publish","type":"page","link":"https:\/\/sp-gr.ch\/rm\/sanadad-fatgs-socials\/","title":{"rendered":"Sanadad &#038; fatgs socials"},"content":{"rendered":"\t\t<div data-elementor-type=\"wp-post\" data-elementor-id=\"91710\" class=\"elementor elementor-91710 elementor-90610\" data-elementor-post-type=\"page\">\n\t\t\t\t\t\t<section class=\"elementor-section elementor-top-section elementor-element elementor-element-7b547f1 elementor-section-full_width elementor-section-height-default elementor-section-height-default\" data-id=\"7b547f1\" data-element_type=\"section\" data-settings=\"{&quot;jet_parallax_layout_list&quot;:[],&quot;background_background&quot;:&quot;classic&quot;}\">\n\t\t\t\t\t\t<div class=\"elementor-container elementor-column-gap-default\">\n\t\t\t\t\t<div class=\"elementor-column elementor-col-100 elementor-top-column elementor-element elementor-element-aecd980\" data-id=\"aecd980\" data-element_type=\"column\">\n\t\t\t<div class=\"elementor-widget-wrap elementor-element-populated\">\n\t\t\t\t\t\t<div class=\"elementor-element elementor-element-11c2fe9 elementor-widget elementor-widget-spacer\" data-id=\"11c2fe9\" data-element_type=\"widget\" data-widget_type=\"spacer.default\">\n\t\t\t\t<div class=\"elementor-widget-container\">\n\t\t\t\t\t\t\t<div class=\"elementor-spacer\">\n\t\t\t<div class=\"elementor-spacer-inner\"><\/div>\n\t\t<\/div>\n\t\t\t\t\t\t<\/div>\n\t\t\t\t<\/div>\n\t\t\t\t<div class=\"elementor-element elementor-element-2f40058 elementor-widget elementor-widget-heading\" data-id=\"2f40058\" data-element_type=\"widget\" data-widget_type=\"heading.default\">\n\t\t\t\t<div class=\"elementor-widget-container\">\n\t\t\t\t\t<h2 class=\"elementor-heading-title elementor-size-default\">SANADAD &amp; FATGS SOCIALS<\/h2>\t\t\t\t<\/div>\n\t\t\t\t<\/div>\n\t\t\t\t<div class=\"elementor-element elementor-element-fdaf03e elementor-widget elementor-widget-spacer\" data-id=\"fdaf03e\" data-element_type=\"widget\" data-widget_type=\"spacer.default\">\n\t\t\t\t<div class=\"elementor-widget-container\">\n\t\t\t\t\t\t\t<div class=\"elementor-spacer\">\n\t\t\t<div class=\"elementor-spacer-inner\"><\/div>\n\t\t<\/div>\n\t\t\t\t\t\t<\/div>\n\t\t\t\t<\/div>\n\t\t\t\t\t<\/div>\n\t\t<\/div>\n\t\t\t\t\t<\/div>\n\t\t<\/section>\n\t\t\t\t<section class=\"elementor-section elementor-top-section elementor-element elementor-element-d8cabf4 elementor-section-boxed elementor-section-height-default elementor-section-height-default\" data-id=\"d8cabf4\" data-element_type=\"section\" data-settings=\"{&quot;jet_parallax_layout_list&quot;:[]}\">\n\t\t\t\t\t\t<div class=\"elementor-container elementor-column-gap-default\">\n\t\t\t\t\t<div class=\"elementor-column elementor-col-100 elementor-top-column elementor-element elementor-element-5d47cfc\" data-id=\"5d47cfc\" data-element_type=\"column\">\n\t\t\t<div class=\"elementor-widget-wrap elementor-element-populated\">\n\t\t\t\t\t\t<div class=\"elementor-element elementor-element-cba3d6e elementor-widget elementor-widget-spacer\" data-id=\"cba3d6e\" data-element_type=\"widget\" data-widget_type=\"spacer.default\">\n\t\t\t\t<div class=\"elementor-widget-container\">\n\t\t\t\t\t\t\t<div class=\"elementor-spacer\">\n\t\t\t<div class=\"elementor-spacer-inner\"><\/div>\n\t\t<\/div>\n\t\t\t\t\t\t<\/div>\n\t\t\t\t<\/div>\n\t\t\t\t<div class=\"elementor-element elementor-element-d8d365a elementor-widget elementor-widget-text-editor\" data-id=\"d8d365a\" data-element_type=\"widget\" data-widget_type=\"text-editor.default\">\n\t\t\t\t<div class=\"elementor-widget-container\">\n\t\t\t\t\t\t\t\t\t<p>\u00dcn sistem da sand\u00e0 decentral bain svilupp\u00e0 es central per la qualit\u00e0 da viver in noss chantun. I ston finalmaing as megldar las cundiziuns da lavur dal persunal da sand\u00e0 i&#8217;ls spitals, las chasas o pro la ch\u00fcra a chasa. La PS cumbatta per reducziuns da las premias bain concepidas. Nus cumbattain cunter la povradad e per l&#8217;integraziun d&#8217;usch\u00e8 blers umans sco pussaivel en la vita sociala. Presidiada vegn la cumissiun spezialisada Renate Rutishauser.<\/p>\n\t\t\t\t\t\t\t\t<\/div>\n\t\t\t\t<\/div>\n\t\t\t\t\t<\/div>\n\t\t<\/div>\n\t\t\t\t\t<\/div>\n\t\t<\/section>\n\t\t\t\t<section class=\"elementor-section elementor-top-section elementor-element elementor-element-9876c5b elementor-section-boxed elementor-section-height-default elementor-section-height-default\" data-id=\"9876c5b\" data-element_type=\"section\" data-settings=\"{&quot;jet_parallax_layout_list&quot;:[]}\">\n\t\t\t\t\t\t<div class=\"elementor-container elementor-column-gap-default\">\n\t\t\t\t\t<div class=\"elementor-column elementor-col-50 elementor-top-column elementor-element elementor-element-6a41f4c\" data-id=\"6a41f4c\" data-element_type=\"column\">\n\t\t\t<div class=\"elementor-widget-wrap elementor-element-populated\">\n\t\t\t\t\t\t<div class=\"elementor-element elementor-element-c1ff153 elementor-widget elementor-widget-spps_person_grid\" data-id=\"c1ff153\" data-element_type=\"widget\" data-widget_type=\"spps_person_grid.default\">\n\t\t\t\t<div class=\"elementor-widget-container\">\n\t\t\t\t\t<div class=\"button-list-wrapper \"><div class=\"button-list-title\"><h2>Dumondas?<\/h2><\/div><div class=\"button-list-container\"><div class=\"persons persons-grid-2\"><div class=\"persons-items\"><div class=\"persons-item\"><div class=\"person-container\"><div class=\"person-portrait\"><a href=\"https:\/\/sp-gr.ch\/rm\/person\/renate-rutishauser\/\"><img decoding=\"async\" src=\"https:\/\/sp-gr.ch\/wp-content\/uploads\/2024\/04\/Rutishauser_Renate_coated-1-600x600.jpg?v=1713791866\" alt=\"Renate Rutishauser\" loading=\"lazy\"><\/a><\/div><div class=\"person-content\"><a href=\"https:\/\/sp-gr.ch\/rm\/person\/renate-rutishauser\/\" class=\"person-name\"><p><strong>Renate Rutishauser<\/strong><\/p><\/a><p class=\"person-position\">Commembra dal Cussegl grond, Presidenta da cumissiun d\u2019experts Sanadad & Fatgs Socials<\/p><\/div><\/div><\/div><\/div><\/div><\/div><\/div>\t\t\t\t<\/div>\n\t\t\t\t<\/div>\n\t\t\t\t<div class=\"elementor-element elementor-element-399e3b3 elementor-widget elementor-widget-spps_button\" data-id=\"399e3b3\" data-element_type=\"widget\" data-widget_type=\"spps_button.default\">\n\t\t\t\t<div class=\"elementor-widget-container\">\n\t\t\t\t\t<div class=\"button-wrapper button-wrapper-left\"><a href=\"mailto: rutishauserrenate@gmail.com\"  target=\"_self\" class=\"button-link button-link-email\" >Tramettai in e-mail&nbsp;&nbsp;<i class=\"fa fa-envelope\"><\/i><\/a><\/div>\t\t\t\t<\/div>\n\t\t\t\t<\/div>\n\t\t\t\t\t<\/div>\n\t\t<\/div>\n\t\t\t\t<div class=\"elementor-column elementor-col-50 elementor-top-column elementor-element elementor-element-63650b6\" data-id=\"63650b6\" data-element_type=\"column\">\n\t\t\t<div class=\"elementor-widget-wrap\">\n\t\t\t\t\t\t\t<\/div>\n\t\t<\/div>\n\t\t\t\t\t<\/div>\n\t\t<\/section>\n\t\t\t\t<\/div>\n\t\t","protected":false},"excerpt":{"rendered":"<p>SANADAD &#038; FATGS SOCIALS \u00dcn sistem da sand\u00e0 decentral bain svilupp\u00e0 es central per la qualit\u00e0 da viver in noss chantun. I ston finalmaing as megldar las cundiziuns da lavur [&hellip;]<\/p>\n","protected":false},"author":13,"featured_media":0,"parent":0,"menu_order":5,"comment_status":"closed","ping_status":"closed","template":"","meta":{"footnotes":""},"class_list":["post-91710","page","type-page","status-publish","hentry"],"_links":{"self":[{"href":"https:\/\/sp-gr.ch\/rm\/wp-json\/wp\/v2\/pages\/91710","targetHints":{"allow":["GET"]}}],"collection":[{"href":"https:\/\/sp-gr.ch\/rm\/wp-json\/wp\/v2\/pages"}],"about":[{"href":"https:\/\/sp-gr.ch\/rm\/wp-json\/wp\/v2\/types\/page"}],"author":[{"embeddable":true,"href":"https:\/\/sp-gr.ch\/rm\/wp-json\/wp\/v2\/users\/13"}],"replies":[{"embeddable":true,"href":"https:\/\/sp-gr.ch\/rm\/wp-json\/wp\/v2\/comments?post=91710"}],"version-history":[{"count":3,"href":"https:\/\/sp-gr.ch\/rm\/wp-json\/wp\/v2\/pages\/91710\/revisions"}],"predecessor-version":[{"id":91716,"href":"https:\/\/sp-gr.ch\/rm\/wp-json\/wp\/v2\/pages\/91710\/revisions\/91716"}],"wp:attachment":[{"href":"https:\/\/sp-gr.ch\/rm\/wp-json\/wp\/v2\/media?parent=91710"}],"curies":[{"name":"wp","href":"https:\/\/api.w.org\/{rel}","templated":true}]}}