{"id":91595,"date":"2024-05-02T17:06:11","date_gmt":"2024-05-02T15:06:11","guid":{"rendered":"https:\/\/gr.spschweiz.ch\/partenz\/"},"modified":"2024-05-06T18:00:36","modified_gmt":"2024-05-06T16:00:36","slug":"partenz","status":"publish","type":"page","link":"https:\/\/sp-gr.ch\/rm\/partenz\/","title":{"rendered":"Partenz"},"content":{"rendered":"\t\t<div data-elementor-type=\"wp-post\" data-elementor-id=\"91595\" class=\"elementor elementor-91595 elementor-90909\" data-elementor-post-type=\"page\">\n\t\t\t\t\t\t<section class=\"elementor-section elementor-top-section elementor-element elementor-element-9e1acc0 elementor-section-full_width elementor-section-height-default elementor-section-height-default\" data-id=\"9e1acc0\" data-element_type=\"section\" data-settings=\"{&quot;jet_parallax_layout_list&quot;:[],&quot;background_background&quot;:&quot;classic&quot;}\">\n\t\t\t\t\t\t<div class=\"elementor-container elementor-column-gap-default\">\n\t\t\t\t\t<div class=\"elementor-column elementor-col-100 elementor-top-column elementor-element elementor-element-7b6201f\" data-id=\"7b6201f\" data-element_type=\"column\">\n\t\t\t<div class=\"elementor-widget-wrap elementor-element-populated\">\n\t\t\t\t\t\t<div class=\"elementor-element elementor-element-89d050d elementor-widget elementor-widget-spacer\" data-id=\"89d050d\" data-element_type=\"widget\" data-widget_type=\"spacer.default\">\n\t\t\t\t<div class=\"elementor-widget-container\">\n\t\t\t\t\t\t\t<div class=\"elementor-spacer\">\n\t\t\t<div class=\"elementor-spacer-inner\"><\/div>\n\t\t<\/div>\n\t\t\t\t\t\t<\/div>\n\t\t\t\t<\/div>\n\t\t\t\t<div class=\"elementor-element elementor-element-659e6f2 elementor-widget elementor-widget-heading\" data-id=\"659e6f2\" data-element_type=\"widget\" data-widget_type=\"heading.default\">\n\t\t\t\t<div class=\"elementor-widget-container\">\n\t\t\t\t\t<h2 class=\"elementor-heading-title elementor-size-default\">PARTENZ<\/h2>\t\t\t\t<\/div>\n\t\t\t\t<\/div>\n\t\t\t\t<div class=\"elementor-element elementor-element-a8e89e8 elementor-widget elementor-widget-spacer\" data-id=\"a8e89e8\" data-element_type=\"widget\" data-widget_type=\"spacer.default\">\n\t\t\t\t<div class=\"elementor-widget-container\">\n\t\t\t\t\t\t\t<div class=\"elementor-spacer\">\n\t\t\t<div class=\"elementor-spacer-inner\"><\/div>\n\t\t<\/div>\n\t\t\t\t\t\t<\/div>\n\t\t\t\t<\/div>\n\t\t\t\t\t<\/div>\n\t\t<\/div>\n\t\t\t\t\t<\/div>\n\t\t<\/section>\n\t\t\t\t<section class=\"elementor-section elementor-top-section elementor-element elementor-element-f1d0649 elementor-section-boxed elementor-section-height-default elementor-section-height-default\" data-id=\"f1d0649\" data-element_type=\"section\" data-settings=\"{&quot;jet_parallax_layout_list&quot;:[]}\">\n\t\t\t\t\t\t<div class=\"elementor-container elementor-column-gap-default\">\n\t\t\t\t\t<div class=\"elementor-column elementor-col-100 elementor-top-column elementor-element elementor-element-d9897a1\" data-id=\"d9897a1\" data-element_type=\"column\">\n\t\t\t<div class=\"elementor-widget-wrap elementor-element-populated\">\n\t\t\t\t\t\t<div class=\"elementor-element elementor-element-1c0e016 elementor-widget elementor-widget-spps_person_grid\" data-id=\"1c0e016\" data-element_type=\"widget\" data-widget_type=\"spps_person_grid.default\">\n\t\t\t\t<div class=\"elementor-widget-container\">\n\t\t\t\t\t<div class=\"button-list-wrapper \"><div class=\"button-list-title\"><h2>Suprastant<\/h2><\/div><div class=\"button-list-container\"><div class=\"persons persons-grid-2\"><div class=\"persons-items\"><div class=\"persons-item\"><div class=\"person-container\"><div class=\"person-portrait\"><a href=\"https:\/\/sp-gr.ch\/rm\/person\/lukas-bardill\/\"><img decoding=\"async\" src=\"https:\/\/sp-gr.ch\/wp-content\/uploads\/2024\/04\/Bardill_Lukas_web-1-600x600.jpg?v=1713792443\" alt=\"Lukas Bardill\" loading=\"lazy\"><\/a><\/div><div class=\"person-content\"><a href=\"https:\/\/sp-gr.ch\/rm\/person\/lukas-bardill\/\" class=\"person-name\"><p><strong>Lukas Bardill<\/strong><\/p><\/a><p class=\"person-position\">Commember dal Cussegl grond, President da cumissiun d\u2019experts Politica dal stadi<\/p><ul class=\"person-kontakt list-pills list-pills-grey\"><li><a href=\"mailto:lukas@bardillgerber.ch\">E-Mail<\/a><\/li><\/ul><\/div><\/div><\/div><div class=\"persons-item\"><div class=\"person-container\"><div class=\"person-portrait\"><a href=\"https:\/\/sp-gr.ch\/rm\/person\/monika-baumgartner\/\"><img decoding=\"async\" src=\"https:\/\/sp-gr.ch\/wp-content\/uploads\/2024\/04\/Baumgartner_Monika_web-600x600.jpg?v=1713877492\" alt=\"Monika Baumgartner\" loading=\"lazy\"><\/a><\/div><div class=\"person-content\"><a href=\"https:\/\/sp-gr.ch\/rm\/person\/monika-baumgartner\/\" class=\"person-name\"><p><strong>Monika Baumgartner<\/strong><\/p><\/a><p class=\"person-position\">Commembra da suprastanza da partida, Presidenta PS Partenz<\/p><\/div><\/div><\/div><div class=\"persons-item\"><div class=\"person-container\"><div class=\"person-portrait\"><a href=\"https:\/\/sp-gr.ch\/rm\/person\/johanes-brassel\/\"><img decoding=\"async\" src=\"https:\/\/sp-gr.ch\/wp-content\/themes\/sp-ps-elementor-child\/images\/menschen_fallback.jpg\" alt=\"Person Fallback Portrait\" loading=\"lazy\"><\/a><\/div><div class=\"person-content\"><a href=\"https:\/\/sp-gr.ch\/rm\/person\/johanes-brassel\/\" class=\"person-name\"><p><strong>Johanes Brassel<\/strong><\/p><\/a><p class=\"person-position\">commember da suprastanza PS PARTENZ<\/p><\/div><\/div><\/div><div class=\"persons-item\"><div class=\"person-container\"><div class=\"person-portrait\"><a href=\"https:\/\/sp-gr.ch\/rm\/person\/monika-brassel\/\"><img decoding=\"async\" src=\"https:\/\/sp-gr.ch\/wp-content\/uploads\/2024\/04\/Brassel_Monika_web-600x600.jpg?v=1713877699\" alt=\"Monika Brassel\" loading=\"lazy\"><\/a><\/div><div class=\"person-content\"><a href=\"https:\/\/sp-gr.ch\/rm\/person\/monika-brassel\/\" class=\"person-name\"><p><strong>Monika Brassel<\/strong><\/p><\/a><p class=\"person-position\">cassiera PS Partenz<\/p><\/div><\/div><\/div><div class=\"persons-item\"><div class=\"person-container\"><div class=\"person-portrait\"><a href=\"https:\/\/sp-gr.ch\/rm\/person\/juerg-maechler\/\"><img decoding=\"async\" src=\"https:\/\/sp-gr.ch\/wp-content\/uploads\/2024\/04\/Maechler_Juerg_web-copy-600x600.jpg?v=1713797978\" alt=\"J\u00fcrg M\u00e4chler\" loading=\"lazy\"><\/a><\/div><div class=\"person-content\"><a href=\"https:\/\/sp-gr.ch\/rm\/person\/juerg-maechler\/\" class=\"person-name\"><p><strong>J\u00fcrg M\u00e4chler<\/strong><\/p><\/a><p class=\"person-position\">Commember da suprastanza da partida<\/p><\/div><\/div><\/div><\/div><\/div><\/div><\/div>\t\t\t\t<\/div>\n\t\t\t\t<\/div>\n\t\t\t\t\t<\/div>\n\t\t<\/div>\n\t\t\t\t\t<\/div>\n\t\t<\/section>\n\t\t\t\t<section class=\"elementor-section elementor-top-section elementor-element elementor-element-fa8c03b elementor-section-boxed elementor-section-height-default elementor-section-height-default\" data-id=\"fa8c03b\" data-element_type=\"section\" data-settings=\"{&quot;jet_parallax_layout_list&quot;:[]}\">\n\t\t\t\t\t\t<div class=\"elementor-container elementor-column-gap-default\">\n\t\t\t\t\t<div class=\"elementor-column elementor-col-50 elementor-top-column elementor-element elementor-element-2b80727\" data-id=\"2b80727\" data-element_type=\"column\">\n\t\t\t<div class=\"elementor-widget-wrap elementor-element-populated\">\n\t\t\t\t\t\t<div class=\"elementor-element elementor-element-b9ef42d elementor-widget elementor-widget-heading\" data-id=\"b9ef42d\" data-element_type=\"widget\" data-widget_type=\"heading.default\">\n\t\t\t\t<div class=\"elementor-widget-container\">\n\t\t\t\t\t<h2 class=\"elementor-heading-title elementor-size-default\">Social Media<\/h2>\t\t\t\t<\/div>\n\t\t\t\t<\/div>\n\t\t\t\t\t<\/div>\n\t\t<\/div>\n\t\t\t\t<div class=\"elementor-column elementor-col-50 elementor-top-column elementor-element elementor-element-9c906c1\" data-id=\"9c906c1\" data-element_type=\"column\">\n\t\t\t<div class=\"elementor-widget-wrap elementor-element-populated\">\n\t\t\t\t\t\t<div class=\"elementor-element elementor-element-46882ac e-grid-align-left elementor-shape-rounded elementor-grid-0 elementor-widget elementor-widget-social-icons\" data-id=\"46882ac\" data-element_type=\"widget\" data-widget_type=\"social-icons.default\">\n\t\t\t\t<div class=\"elementor-widget-container\">\n\t\t\t\t\t\t\t<div class=\"elementor-social-icons-wrapper elementor-grid\" role=\"list\">\n\t\t\t\t\t\t\t<span class=\"elementor-grid-item\" role=\"listitem\">\n\t\t\t\t\t<a class=\"elementor-icon elementor-social-icon elementor-social-icon-instagram elementor-repeater-item-5a04d3c\" href=\"https:\/\/www.instagram.com\/sp_praettigau\/\" target=\"_blank\">\n\t\t\t\t\t\t<span class=\"elementor-screen-only\">Instagram<\/span>\n\t\t\t\t\t\t<i aria-hidden=\"true\" class=\"fab fa-instagram\"><\/i>\t\t\t\t\t<\/a>\n\t\t\t\t<\/span>\n\t\t\t\t\t\t\t<span class=\"elementor-grid-item\" role=\"listitem\">\n\t\t\t\t\t<a class=\"elementor-icon elementor-social-icon elementor-social-icon-globe elementor-repeater-item-760ad7f\" href=\"https:\/\/sp-praettigau.ch\/\" target=\"_blank\">\n\t\t\t\t\t\t<span class=\"elementor-screen-only\">Globe<\/span>\n\t\t\t\t\t\t<i aria-hidden=\"true\" class=\"fas fa-globe\"><\/i>\t\t\t\t\t<\/a>\n\t\t\t\t<\/span>\n\t\t\t\t\t<\/div>\n\t\t\t\t\t\t<\/div>\n\t\t\t\t<\/div>\n\t\t\t\t\t<\/div>\n\t\t<\/div>\n\t\t\t\t\t<\/div>\n\t\t<\/section>\n\t\t\t\t<section class=\"elementor-section elementor-top-section elementor-element elementor-element-c39c473 elementor-section-boxed elementor-section-height-default elementor-section-height-default\" data-id=\"c39c473\" data-element_type=\"section\" data-settings=\"{&quot;jet_parallax_layout_list&quot;:[]}\">\n\t\t\t\t\t\t<div class=\"elementor-container elementor-column-gap-default\">\n\t\t\t\t\t<div class=\"elementor-column elementor-col-50 elementor-top-column elementor-element elementor-element-c42cbd0\" data-id=\"c42cbd0\" data-element_type=\"column\">\n\t\t\t<div class=\"elementor-widget-wrap elementor-element-populated\">\n\t\t\t\t\t\t<div class=\"elementor-element elementor-element-d7380ef elementor-widget elementor-widget-spps_person_grid\" data-id=\"d7380ef\" data-element_type=\"widget\" data-widget_type=\"spps_person_grid.default\">\n\t\t\t\t<div class=\"elementor-widget-container\">\n\t\t\t\t\t<div class=\"button-list-wrapper \"><div class=\"button-list-title\"><h2>Dumondas?<\/h2><\/div><div class=\"button-list-container\"><div class=\"persons persons-grid-2\"><div class=\"persons-items\"><div class=\"persons-item\"><div class=\"person-container\"><div class=\"person-portrait\"><a href=\"https:\/\/sp-gr.ch\/rm\/person\/monika-baumgartner\/\"><img decoding=\"async\" src=\"https:\/\/sp-gr.ch\/wp-content\/uploads\/2024\/04\/Baumgartner_Monika_web-600x600.jpg?v=1713877492\" alt=\"Monika Baumgartner\" loading=\"lazy\"><\/a><\/div><div class=\"person-content\"><a href=\"https:\/\/sp-gr.ch\/rm\/person\/monika-baumgartner\/\" class=\"person-name\"><p><strong>Monika Baumgartner<\/strong><\/p><\/a><p class=\"person-position\">Commembra da suprastanza da partida, Presidenta PS Partenz<\/p><\/div><\/div><\/div><\/div><\/div><\/div><\/div>\t\t\t\t<\/div>\n\t\t\t\t<\/div>\n\t\t\t\t<div class=\"elementor-element elementor-element-34ad005 elementor-widget elementor-widget-spps_button\" data-id=\"34ad005\" data-element_type=\"widget\" data-widget_type=\"spps_button.default\">\n\t\t\t\t<div class=\"elementor-widget-container\">\n\t\t\t\t\t<div class=\"button-wrapper button-wrapper-left\"><a href=\"mailto:info@sp-praettigau.ch\"  target=\"_self\" class=\"button-link button-link-email\" >Tramettai in e-mail&nbsp;&nbsp;<i class=\"fa fa-envelope\"><\/i><\/a><\/div>\t\t\t\t<\/div>\n\t\t\t\t<\/div>\n\t\t\t\t\t<\/div>\n\t\t<\/div>\n\t\t\t\t<div class=\"elementor-column elementor-col-50 elementor-top-column elementor-element elementor-element-a6d1535\" data-id=\"a6d1535\" data-element_type=\"column\">\n\t\t\t<div class=\"elementor-widget-wrap\">\n\t\t\t\t\t\t\t<\/div>\n\t\t<\/div>\n\t\t\t\t\t<\/div>\n\t\t<\/section>\n\t\t\t\t<\/div>\n\t\t","protected":false},"excerpt":{"rendered":"<p>PARTENZ Suprastant Lukas Bardill Grossrat, Vorsitz Fachkommission Staatspolitik und Strategie E-Mail Monika Baumgartner Parteivorstandsmitglied, Pr\u00e4sidentin SP Pr\u00e4ttigau Johanes Brassel Vorstandsmitglied SP Pr\u00e4ttigau Monika Brassel Kassiererin J\u00fcrg M\u00e4chler Parteivorstandsmitglied Social Media [&hellip;]<\/p>\n","protected":false},"author":13,"featured_media":0,"parent":0,"menu_order":7,"comment_status":"closed","ping_status":"closed","template":"","meta":{"footnotes":""},"class_list":["post-91595","page","type-page","status-publish","hentry"],"_links":{"self":[{"href":"https:\/\/sp-gr.ch\/rm\/wp-json\/wp\/v2\/pages\/91595","targetHints":{"allow":["GET"]}}],"collection":[{"href":"https:\/\/sp-gr.ch\/rm\/wp-json\/wp\/v2\/pages"}],"about":[{"href":"https:\/\/sp-gr.ch\/rm\/wp-json\/wp\/v2\/types\/page"}],"author":[{"embeddable":true,"href":"https:\/\/sp-gr.ch\/rm\/wp-json\/wp\/v2\/users\/13"}],"replies":[{"embeddable":true,"href":"https:\/\/sp-gr.ch\/rm\/wp-json\/wp\/v2\/comments?post=91595"}],"version-history":[{"count":4,"href":"https:\/\/sp-gr.ch\/rm\/wp-json\/wp\/v2\/pages\/91595\/revisions"}],"predecessor-version":[{"id":92217,"href":"https:\/\/sp-gr.ch\/rm\/wp-json\/wp\/v2\/pages\/91595\/revisions\/92217"}],"wp:attachment":[{"href":"https:\/\/sp-gr.ch\/rm\/wp-json\/wp\/v2\/media?parent=91595"}],"curies":[{"name":"wp","href":"https:\/\/api.w.org\/{rel}","templated":true}]}}