{"id":91525,"date":"2024-05-02T12:51:36","date_gmt":"2024-05-02T10:51:36","guid":{"rendered":"https:\/\/gr.spschweiz.ch\/?page_id=91525"},"modified":"2024-05-02T12:53:48","modified_gmt":"2024-05-02T10:53:48","slug":"donazioni","status":"publish","type":"page","link":"https:\/\/sp-gr.ch\/it\/donazioni\/","title":{"rendered":"Donazioni"},"content":{"rendered":"\t\t<div data-elementor-type=\"wp-page\" data-elementor-id=\"91525\" class=\"elementor elementor-91525 elementor-28\" data-elementor-post-type=\"page\">\n\t\t\t\t\t\t<section class=\"elementor-section elementor-top-section elementor-element elementor-element-19edffd3 elementor-section-boxed elementor-section-height-default elementor-section-height-default\" data-id=\"19edffd3\" data-element_type=\"section\" data-settings=\"{&quot;jet_parallax_layout_list&quot;:[],&quot;background_background&quot;:&quot;classic&quot;}\">\n\t\t\t\t\t\t<div class=\"elementor-container elementor-column-gap-wide\">\n\t\t\t\t\t<div class=\"elementor-column elementor-col-100 elementor-top-column elementor-element elementor-element-4ddb66ce\" data-id=\"4ddb66ce\" data-element_type=\"column\">\n\t\t\t<div class=\"elementor-widget-wrap elementor-element-populated\">\n\t\t\t\t\t\t<div class=\"elementor-element elementor-element-7a798d3f elementor-widget elementor-widget-heading\" data-id=\"7a798d3f\" data-element_type=\"widget\" data-widget_type=\"heading.default\">\n\t\t\t\t<div class=\"elementor-widget-container\">\n\t\t\t\t\t<h1 class=\"elementor-heading-title elementor-size-default\">DONAZIONI<\/h1>\t\t\t\t<\/div>\n\t\t\t\t<\/div>\n\t\t\t\t<div class=\"elementor-element elementor-element-5587407 elementor-widget elementor-widget-text-editor\" data-id=\"5587407\" data-element_type=\"widget\" data-widget_type=\"text-editor.default\">\n\t\t\t\t<div class=\"elementor-widget-container\">\n\t\t\t\t\t\t\t\t\t<p>Per poter finanziare i nostri progetti nonch\u00e9 le nostre campagne elettorali e di votazione, dipendiamo dalle donazioni. \u00c8 cos\u00ec che possiamo opporci ai budget multimilionari delle associazioni legate al mondo dell\u2019economia e delle lobby. Siamo quindi molto grati per qualsiasi donazione.<\/p>\t\t\t\t\t\t\t\t<\/div>\n\t\t\t\t<\/div>\n\t\t\t\t\t<\/div>\n\t\t<\/div>\n\t\t\t\t\t<\/div>\n\t\t<\/section>\n\t\t\t\t<section class=\"elementor-section elementor-top-section elementor-element elementor-element-41a2144 elementor-section-boxed elementor-section-height-default elementor-section-height-default\" data-id=\"41a2144\" data-element_type=\"section\" data-settings=\"{&quot;jet_parallax_layout_list&quot;:[]}\">\n\t\t\t\t\t\t<div class=\"elementor-container elementor-column-gap-wide\">\n\t\t\t\t\t<div class=\"elementor-column elementor-col-100 elementor-top-column elementor-element elementor-element-244e3f1\" data-id=\"244e3f1\" data-element_type=\"column\">\n\t\t\t<div class=\"elementor-widget-wrap elementor-element-populated\">\n\t\t\t\t\t\t<div class=\"elementor-element elementor-element-1338b8e elementor-widget elementor-widget-spps_title_text\" data-id=\"1338b8e\" data-element_type=\"widget\" data-widget_type=\"spps_title_text.default\">\n\t\t\t\t<div class=\"elementor-widget-container\">\n\t\t\t\t\t<div class=\"title-text-wrapper wrapper-spacing-default\"><div class=\"title-text-title\"><h2>Sostenere il PS con una donazione<\/h2><\/div><div class=\"title-text-container\"><div class=\"title-text-text\"><p>Il vostro sostegno finanziario \u00e8 indispensabile, poich\u00e9 il PS, a differenza dei partiti borghesi, non riceve milioni da grandi banche e assicurazioni, ma \u00e8 finanziato unicamente dalle quote sociali dei suoi iscritti e dalle persone che vogliono sostenere la linea politica del PS.<\/p><\/div><\/div><\/div>\t\t\t\t<\/div>\n\t\t\t\t<\/div>\n\t\t\t\t<div class=\"elementor-element elementor-element-b39acd0 elementor-widget elementor-widget-html\" data-id=\"b39acd0\" data-element_type=\"widget\" data-widget_type=\"html.default\">\n\t\t\t\t<div class=\"elementor-widget-container\">\n\t\t\t\t\t<div id=\"rnw-paylink-button\"><\/div>\n<script type=\"module\">\n  import {TwintButton} from \"https:\/\/unpkg.com\/@raisenow\/paylink-button@2\/dist\/TwintButton.js\"\n  TwintButton.render(\"#rnw-paylink-button\", {\n    \"solution-id\": \"pkhmc\",\n    \"solution-type\": \"donate\",\n    \"language\": \"it\",\n    \"size\": \"large\",\n    \"width\": \"full\",\n    \"color-scheme\": \"dark\",\n  })\n<\/script>\t\t\t\t<\/div>\n\t\t\t\t<\/div>\n\t\t\t\t<div class=\"elementor-element elementor-element-e47200d elementor-widget elementor-widget-text-editor\" data-id=\"e47200d\" data-element_type=\"widget\" data-widget_type=\"text-editor.default\">\n\t\t\t\t<div class=\"elementor-widget-container\">\n\t\t\t\t\t\t\t\t\t<p>PC-Konto: 70-885-5<br \/>IBAN: CH02 0900 0000 7000 0885 5<br \/>SP Graub\u00fcnden, G\u00fcrtelstr. 24, 7000 Chur<\/p>\t\t\t\t\t\t\t\t<\/div>\n\t\t\t\t<\/div>\n\t\t\t\t<div class=\"elementor-element elementor-element-4c9a105 elementor-widget elementor-widget-image\" data-id=\"4c9a105\" data-element_type=\"widget\" data-widget_type=\"image.default\">\n\t\t\t\t<div class=\"elementor-widget-container\">\n\t\t\t\t\t\t\t\t\t\t\t\t\t\t\t\t<a href=\"https:\/\/sp-gr.ch\/de\/valerie-piller-carrard\/\">\n\t\t\t\t\t\t\t<img fetchpriority=\"high\" decoding=\"async\" width=\"800\" height=\"406\" src=\"https:\/\/sp-gr.ch\/wp-content\/uploads\/2024\/05\/QR_Rechnung_20240502-1024x520.jpg\" class=\"attachment-large size-large wp-image-91520\" alt=\"\" srcset=\"https:\/\/sp-gr.ch\/wp-content\/uploads\/2024\/05\/QR_Rechnung_20240502-1024x520.jpg 1024w, https:\/\/sp-gr.ch\/wp-content\/uploads\/2024\/05\/QR_Rechnung_20240502-300x152.jpg 300w, https:\/\/sp-gr.ch\/wp-content\/uploads\/2024\/05\/QR_Rechnung_20240502-768x390.jpg 768w, https:\/\/sp-gr.ch\/wp-content\/uploads\/2024\/05\/QR_Rechnung_20240502-1536x780.jpg 1536w, https:\/\/sp-gr.ch\/wp-content\/uploads\/2024\/05\/QR_Rechnung_20240502-2048x1041.jpg 2048w\" sizes=\"(max-width: 800px) 100vw, 800px\" \/>\t\t\t\t\t\t\t\t<\/a>\n\t\t\t\t\t\t\t\t\t\t\t\t\t\t\t<\/div>\n\t\t\t\t<\/div>\n\t\t\t\t<div class=\"elementor-element elementor-element-8c33ea5 elementor-widget elementor-widget-spacer\" data-id=\"8c33ea5\" data-element_type=\"widget\" data-widget_type=\"spacer.default\">\n\t\t\t\t<div class=\"elementor-widget-container\">\n\t\t\t\t\t\t\t<div class=\"elementor-spacer\">\n\t\t\t<div class=\"elementor-spacer-inner\"><\/div>\n\t\t<\/div>\n\t\t\t\t\t\t<\/div>\n\t\t\t\t<\/div>\n\t\t\t\t\t<\/div>\n\t\t<\/div>\n\t\t\t\t\t<\/div>\n\t\t<\/section>\n\t\t\t\t<\/div>\n\t\t","protected":false},"excerpt":{"rendered":"<p>DONAZIONI Per poter finanziare i nostri progetti nonch\u00e9 le nostre campagne elettorali e di votazione, dipendiamo dalle donazioni. \u00c8 cos\u00ec che possiamo opporci ai budget multimilionari delle associazioni legate al [&hellip;]<\/p>\n","protected":false},"author":13,"featured_media":0,"parent":0,"menu_order":6,"comment_status":"closed","ping_status":"closed","template":"","meta":{"footnotes":""},"class_list":["post-91525","page","type-page","status-publish","hentry"],"_links":{"self":[{"href":"https:\/\/sp-gr.ch\/it\/wp-json\/wp\/v2\/pages\/91525","targetHints":{"allow":["GET"]}}],"collection":[{"href":"https:\/\/sp-gr.ch\/it\/wp-json\/wp\/v2\/pages"}],"about":[{"href":"https:\/\/sp-gr.ch\/it\/wp-json\/wp\/v2\/types\/page"}],"author":[{"embeddable":true,"href":"https:\/\/sp-gr.ch\/it\/wp-json\/wp\/v2\/users\/13"}],"replies":[{"embeddable":true,"href":"https:\/\/sp-gr.ch\/it\/wp-json\/wp\/v2\/comments?post=91525"}],"version-history":[{"count":7,"href":"https:\/\/sp-gr.ch\/it\/wp-json\/wp\/v2\/pages\/91525\/revisions"}],"predecessor-version":[{"id":91538,"href":"https:\/\/sp-gr.ch\/it\/wp-json\/wp\/v2\/pages\/91525\/revisions\/91538"}],"wp:attachment":[{"href":"https:\/\/sp-gr.ch\/it\/wp-json\/wp\/v2\/media?parent=91525"}],"curies":[{"name":"wp","href":"https:\/\/api.w.org\/{rel}","templated":true}]}}