{"id":91452,"date":"2024-05-02T12:29:28","date_gmt":"2024-05-02T10:29:28","guid":{"rendered":"https:\/\/gr.spschweiz.ch\/herrschaft-fuenf-doerfer\/"},"modified":"2024-05-06T17:49:59","modified_gmt":"2024-05-06T15:49:59","slug":"herrschaft-fuenf-doerfer","status":"publish","type":"page","link":"https:\/\/sp-gr.ch\/it\/herrschaft-fuenf-doerfer\/","title":{"rendered":"Herrschaft \/ F\u00fcnf D\u00f6rfer"},"content":{"rendered":"\t\t<div data-elementor-type=\"wp-post\" data-elementor-id=\"91452\" class=\"elementor elementor-91452 elementor-90832\" data-elementor-post-type=\"page\">\n\t\t\t\t\t\t<section class=\"elementor-section elementor-top-section elementor-element elementor-element-9e1acc0 elementor-section-full_width elementor-section-height-default elementor-section-height-default\" data-id=\"9e1acc0\" data-element_type=\"section\" data-settings=\"{&quot;jet_parallax_layout_list&quot;:[],&quot;background_background&quot;:&quot;classic&quot;}\">\n\t\t\t\t\t\t<div class=\"elementor-container elementor-column-gap-default\">\n\t\t\t\t\t<div class=\"elementor-column elementor-col-100 elementor-top-column elementor-element elementor-element-7b6201f\" data-id=\"7b6201f\" data-element_type=\"column\">\n\t\t\t<div class=\"elementor-widget-wrap elementor-element-populated\">\n\t\t\t\t\t\t<div class=\"elementor-element elementor-element-89d050d elementor-widget elementor-widget-spacer\" data-id=\"89d050d\" data-element_type=\"widget\" data-widget_type=\"spacer.default\">\n\t\t\t\t<div class=\"elementor-widget-container\">\n\t\t\t\t\t\t\t<div class=\"elementor-spacer\">\n\t\t\t<div class=\"elementor-spacer-inner\"><\/div>\n\t\t<\/div>\n\t\t\t\t\t\t<\/div>\n\t\t\t\t<\/div>\n\t\t\t\t<div class=\"elementor-element elementor-element-659e6f2 elementor-widget elementor-widget-heading\" data-id=\"659e6f2\" data-element_type=\"widget\" data-widget_type=\"heading.default\">\n\t\t\t\t<div class=\"elementor-widget-container\">\n\t\t\t\t\t<h2 class=\"elementor-heading-title elementor-size-default\">HERRSCHAFT \/ F\u00dcNF D\u00d6RFER<\/h2>\t\t\t\t<\/div>\n\t\t\t\t<\/div>\n\t\t\t\t<div class=\"elementor-element elementor-element-a8e89e8 elementor-widget elementor-widget-spacer\" data-id=\"a8e89e8\" data-element_type=\"widget\" data-widget_type=\"spacer.default\">\n\t\t\t\t<div class=\"elementor-widget-container\">\n\t\t\t\t\t\t\t<div class=\"elementor-spacer\">\n\t\t\t<div class=\"elementor-spacer-inner\"><\/div>\n\t\t<\/div>\n\t\t\t\t\t\t<\/div>\n\t\t\t\t<\/div>\n\t\t\t\t\t<\/div>\n\t\t<\/div>\n\t\t\t\t\t<\/div>\n\t\t<\/section>\n\t\t\t\t<section class=\"elementor-section elementor-top-section elementor-element elementor-element-f1d0649 elementor-section-boxed elementor-section-height-default elementor-section-height-default\" data-id=\"f1d0649\" data-element_type=\"section\" data-settings=\"{&quot;jet_parallax_layout_list&quot;:[]}\">\n\t\t\t\t\t\t<div class=\"elementor-container elementor-column-gap-default\">\n\t\t\t\t\t<div class=\"elementor-column elementor-col-100 elementor-top-column elementor-element elementor-element-d9897a1\" data-id=\"d9897a1\" data-element_type=\"column\">\n\t\t\t<div class=\"elementor-widget-wrap elementor-element-populated\">\n\t\t\t\t\t\t<div class=\"elementor-element elementor-element-1c0e016 elementor-widget elementor-widget-spps_person_grid\" data-id=\"1c0e016\" data-element_type=\"widget\" data-widget_type=\"spps_person_grid.default\">\n\t\t\t\t<div class=\"elementor-widget-container\">\n\t\t\t\t\t<div class=\"button-list-wrapper \"><div class=\"button-list-title\"><h2>Membri di direzione<\/h2><\/div><div class=\"button-list-container\"><div class=\"persons persons-grid-2\"><div class=\"persons-items\"><div class=\"persons-item\"><div class=\"person-container\"><div class=\"person-portrait\"><a href=\"https:\/\/sp-gr.ch\/it\/person\/erika-cahenzli-philipp\/\"><img decoding=\"async\" src=\"https:\/\/sp-gr.ch\/wp-content\/uploads\/2024\/04\/Cahenzli_Erika_web-600x600.jpg?v=1713790998\" alt=\"Erika Cahenzli-Philipp\" loading=\"lazy\"><\/a><\/div><div class=\"person-content\"><a href=\"https:\/\/sp-gr.ch\/it\/person\/erika-cahenzli-philipp\/\" class=\"person-name\"><p><strong>Erika Cahenzli-Philipp<\/strong><\/p><\/a><p class=\"person-position\">Granconsigliera, Vicepresidente della frazione<\/p><\/div><\/div><\/div><div class=\"persons-item\"><div class=\"person-container\"><div class=\"person-portrait\"><a href=\"https:\/\/sp-gr.ch\/it\/person\/ina-geisseler\/\"><img decoding=\"async\" src=\"https:\/\/sp-gr.ch\/wp-content\/uploads\/2024\/04\/image0-600x600.jpeg?v=1745830194\" alt=\"Ina Geisseler\" loading=\"lazy\"><\/a><\/div><div class=\"person-content\"><a href=\"https:\/\/sp-gr.ch\/it\/person\/ina-geisseler\/\" class=\"person-name\"><p><strong>Ina Geisseler<\/strong><\/p><\/a><p class=\"person-position\">Membro del Comitato PS Herrschaft \/ F\u00fcnf D\u00f6rfer<\/p><\/div><\/div><\/div><div class=\"persons-item\"><div class=\"person-container\"><div class=\"person-portrait\"><a href=\"https:\/\/sp-gr.ch\/it\/person\/arne-hegland\/\"><img decoding=\"async\" src=\"https:\/\/sp-gr.ch\/wp-content\/uploads\/2025\/04\/Arne-copy-600x600.jpg?v=1745472652\" alt=\"Arne Hegland\" loading=\"lazy\"><\/a><\/div><div class=\"person-content\"><a href=\"https:\/\/sp-gr.ch\/it\/person\/arne-hegland\/\" class=\"person-name\"><p><strong>Arne Hegland<\/strong><\/p><\/a><p class=\"person-position\">Cassiere PS Herrschaft \/ F\u00fcnf D\u00f6rfer<\/p><\/div><\/div><\/div><div class=\"persons-item\"><div class=\"person-container\"><div class=\"person-portrait\"><a href=\"https:\/\/sp-gr.ch\/it\/person\/bettina-hoch\/\"><img decoding=\"async\" src=\"https:\/\/sp-gr.ch\/wp-content\/uploads\/2024\/04\/Hoch_Bettina_web-600x600.jpg?v=1713792812\" alt=\"Bettina Hoch\" loading=\"lazy\"><\/a><\/div><div class=\"person-content\"><a href=\"https:\/\/sp-gr.ch\/it\/person\/bettina-hoch\/\" class=\"person-name\"><p><strong>Bettina Hoch<\/strong><\/p><\/a><p class=\"person-position\">Granconsigliera<\/p><\/div><\/div><\/div><div class=\"persons-item\"><div class=\"person-container\"><div class=\"person-portrait\"><a href=\"https:\/\/sp-gr.ch\/it\/person\/heinz-kunz\/\"><img decoding=\"async\" src=\"https:\/\/sp-gr.ch\/wp-content\/uploads\/2024\/04\/Kunz_Heinz_web-copy-600x600.jpg?v=1713798011\" alt=\"Heinz Kunz\" loading=\"lazy\"><\/a><\/div><div class=\"person-content\"><a href=\"https:\/\/sp-gr.ch\/it\/person\/heinz-kunz\/\" class=\"person-name\"><p><strong>Heinz Kunz<\/strong><\/p><\/a><p class=\"person-position\">Membro del Comitato cantonale, Copresidente PS Herrschaft\/5D\u00f6rfer<\/p><\/div><\/div><\/div><div class=\"persons-item\"><div class=\"person-container\"><div class=\"person-portrait\"><a href=\"https:\/\/sp-gr.ch\/it\/person\/carolina-rusch-nigg\/\"><img decoding=\"async\" src=\"https:\/\/sp-gr.ch\/wp-content\/uploads\/2024\/04\/Rusch_Carole_web-600x600.jpg?v=1713792742\" alt=\"Carolina Rusch Nigg\" loading=\"lazy\"><\/a><\/div><div class=\"person-content\"><a href=\"https:\/\/sp-gr.ch\/it\/person\/carolina-rusch-nigg\/\" class=\"person-name\"><p><strong>Carolina Rusch Nigg<\/strong><\/p><\/a><p class=\"person-position\">Granconsigliera<\/p><\/div><\/div><\/div><div class=\"persons-item\"><div class=\"person-container\"><div class=\"person-portrait\"><a href=\"https:\/\/sp-gr.ch\/it\/person\/susanne-schmid\/\"><img decoding=\"async\" src=\"https:\/\/sp-gr.ch\/wp-content\/uploads\/2024\/04\/Screenshot-2024-11-13-170856-copy-600x600.jpg?v=1731592658\" alt=\"Susanne  Schmid\" loading=\"lazy\"><\/a><\/div><div class=\"person-content\"><a href=\"https:\/\/sp-gr.ch\/it\/person\/susanne-schmid\/\" class=\"person-name\"><p><strong>Susanne  Schmid<\/strong><\/p><\/a><p class=\"person-position\">Membro di direzione, Copresidente PS Herrschaft\/5 D\u00f6rfer<\/p><\/div><\/div><\/div><\/div><\/div><\/div><\/div>\t\t\t\t<\/div>\n\t\t\t\t<\/div>\n\t\t\t\t\t<\/div>\n\t\t<\/div>\n\t\t\t\t\t<\/div>\n\t\t<\/section>\n\t\t\t\t<section class=\"elementor-section elementor-top-section elementor-element elementor-element-fa8c03b elementor-section-boxed elementor-section-height-default elementor-section-height-default\" data-id=\"fa8c03b\" data-element_type=\"section\" data-settings=\"{&quot;jet_parallax_layout_list&quot;:[]}\">\n\t\t\t\t\t\t<div class=\"elementor-container elementor-column-gap-default\">\n\t\t\t\t\t<div class=\"elementor-column elementor-col-50 elementor-top-column elementor-element elementor-element-2b80727\" data-id=\"2b80727\" data-element_type=\"column\">\n\t\t\t<div class=\"elementor-widget-wrap elementor-element-populated\">\n\t\t\t\t\t\t<div class=\"elementor-element elementor-element-b9ef42d elementor-widget elementor-widget-heading\" data-id=\"b9ef42d\" data-element_type=\"widget\" data-widget_type=\"heading.default\">\n\t\t\t\t<div class=\"elementor-widget-container\">\n\t\t\t\t\t<h2 class=\"elementor-heading-title elementor-size-default\">Media sociali<\/h2>\t\t\t\t<\/div>\n\t\t\t\t<\/div>\n\t\t\t\t\t<\/div>\n\t\t<\/div>\n\t\t\t\t<div class=\"elementor-column elementor-col-50 elementor-top-column elementor-element elementor-element-9c906c1\" data-id=\"9c906c1\" data-element_type=\"column\">\n\t\t\t<div class=\"elementor-widget-wrap elementor-element-populated\">\n\t\t\t\t\t\t<div class=\"elementor-element elementor-element-46882ac e-grid-align-left elementor-shape-rounded elementor-grid-0 elementor-widget elementor-widget-social-icons\" data-id=\"46882ac\" data-element_type=\"widget\" data-widget_type=\"social-icons.default\">\n\t\t\t\t<div class=\"elementor-widget-container\">\n\t\t\t\t\t\t\t<div class=\"elementor-social-icons-wrapper elementor-grid\" role=\"list\">\n\t\t\t\t\t\t\t<span class=\"elementor-grid-item\" role=\"listitem\">\n\t\t\t\t\t<a class=\"elementor-icon elementor-social-icon elementor-social-icon-instagram elementor-repeater-item-eef902a\" href=\"https:\/\/www.instagram.com\/sp.h5d\/\" target=\"_blank\">\n\t\t\t\t\t\t<span class=\"elementor-screen-only\">Instagram<\/span>\n\t\t\t\t\t\t<i aria-hidden=\"true\" class=\"fab fa-instagram\"><\/i>\t\t\t\t\t<\/a>\n\t\t\t\t<\/span>\n\t\t\t\t\t\t\t<span class=\"elementor-grid-item\" role=\"listitem\">\n\t\t\t\t\t<a class=\"elementor-icon elementor-social-icon elementor-social-icon-facebook elementor-repeater-item-5a04d3c\" href=\"https:\/\/www.facebook.com\/splandquart\/\" target=\"_blank\">\n\t\t\t\t\t\t<span class=\"elementor-screen-only\">Facebook<\/span>\n\t\t\t\t\t\t<i aria-hidden=\"true\" class=\"fab fa-facebook\"><\/i>\t\t\t\t\t<\/a>\n\t\t\t\t<\/span>\n\t\t\t\t\t<\/div>\n\t\t\t\t\t\t<\/div>\n\t\t\t\t<\/div>\n\t\t\t\t\t<\/div>\n\t\t<\/div>\n\t\t\t\t\t<\/div>\n\t\t<\/section>\n\t\t\t\t<section class=\"elementor-section elementor-top-section elementor-element elementor-element-c39c473 elementor-section-boxed elementor-section-height-default elementor-section-height-default\" data-id=\"c39c473\" data-element_type=\"section\" data-settings=\"{&quot;jet_parallax_layout_list&quot;:[]}\">\n\t\t\t\t\t\t<div class=\"elementor-container elementor-column-gap-default\">\n\t\t\t\t\t<div class=\"elementor-column elementor-col-50 elementor-top-column elementor-element elementor-element-c42cbd0\" data-id=\"c42cbd0\" data-element_type=\"column\">\n\t\t\t<div class=\"elementor-widget-wrap elementor-element-populated\">\n\t\t\t\t\t\t<div class=\"elementor-element elementor-element-d7380ef elementor-widget elementor-widget-spps_person_grid\" data-id=\"d7380ef\" data-element_type=\"widget\" data-widget_type=\"spps_person_grid.default\">\n\t\t\t\t<div class=\"elementor-widget-container\">\n\t\t\t\t\t<div class=\"button-list-wrapper \"><div class=\"button-list-title\"><h2>Domande?<\/h2><\/div><div class=\"button-list-container\"><div class=\"persons persons-grid-2\"><div class=\"persons-items\"><div class=\"persons-item\"><div class=\"person-container\"><div class=\"person-portrait\"><a href=\"https:\/\/sp-gr.ch\/it\/person\/heinz-kunz\/\"><img decoding=\"async\" src=\"https:\/\/sp-gr.ch\/wp-content\/uploads\/2024\/04\/Kunz_Heinz_web-copy-600x600.jpg?v=1713798011\" alt=\"Heinz Kunz\" loading=\"lazy\"><\/a><\/div><div class=\"person-content\"><a href=\"https:\/\/sp-gr.ch\/it\/person\/heinz-kunz\/\" class=\"person-name\"><p><strong>Heinz Kunz<\/strong><\/p><\/a><p class=\"person-position\">Membro del Comitato cantonale, Copresidente PS Herrschaft\/5D\u00f6rfer<\/p><\/div><\/div><\/div><\/div><\/div><\/div><\/div>\t\t\t\t<\/div>\n\t\t\t\t<\/div>\n\t\t\t\t<div class=\"elementor-element elementor-element-34ad005 elementor-widget elementor-widget-spps_button\" data-id=\"34ad005\" data-element_type=\"widget\" data-widget_type=\"spps_button.default\">\n\t\t\t\t<div class=\"elementor-widget-container\">\n\t\t\t\t\t<div class=\"button-wrapper button-wrapper-left\"><a href=\"mailto:heinz@gatluzi.ch\"  target=\"_self\" class=\"button-link button-link-email\" >Inviare un'e-mail&nbsp;&nbsp;<i class=\"fa fa-envelope\"><\/i><\/a><\/div>\t\t\t\t<\/div>\n\t\t\t\t<\/div>\n\t\t\t\t\t<\/div>\n\t\t<\/div>\n\t\t\t\t<div class=\"elementor-column elementor-col-50 elementor-top-column elementor-element elementor-element-a6d1535\" data-id=\"a6d1535\" data-element_type=\"column\">\n\t\t\t<div class=\"elementor-widget-wrap elementor-element-populated\">\n\t\t\t\t\t\t<div class=\"elementor-element elementor-element-0a3fbab elementor-widget elementor-widget-spps_person_grid\" data-id=\"0a3fbab\" data-element_type=\"widget\" data-widget_type=\"spps_person_grid.default\">\n\t\t\t\t<div class=\"elementor-widget-container\">\n\t\t\t\t\t<div class=\"button-list-wrapper \"><div class=\"button-list-container\"><div class=\"persons persons-grid-2\"><div class=\"persons-items\"><div class=\"persons-item\"><div class=\"person-container\"><div class=\"person-portrait\"><a href=\"https:\/\/sp-gr.ch\/it\/person\/susanne-schmid\/\"><img decoding=\"async\" src=\"https:\/\/sp-gr.ch\/wp-content\/uploads\/2024\/04\/Screenshot-2024-11-13-170856-copy-600x600.jpg?v=1731592658\" alt=\"Susanne  Schmid\" loading=\"lazy\"><\/a><\/div><div class=\"person-content\"><a href=\"https:\/\/sp-gr.ch\/it\/person\/susanne-schmid\/\" class=\"person-name\"><p><strong>Susanne  Schmid<\/strong><\/p><\/a><p class=\"person-position\">Membro di direzione, Copresidente PS Herrschaft\/5 D\u00f6rfer<\/p><\/div><\/div><\/div><\/div><\/div><\/div><\/div>\t\t\t\t<\/div>\n\t\t\t\t<\/div>\n\t\t\t\t<div class=\"elementor-element elementor-element-8830b4b elementor-widget elementor-widget-spps_button\" data-id=\"8830b4b\" data-element_type=\"widget\" data-widget_type=\"spps_button.default\">\n\t\t\t\t<div class=\"elementor-widget-container\">\n\t\t\t\t\t<div class=\"button-wrapper button-wrapper-left\"><a href=\"mailto:s.schmid.auer@gmail.com\"  target=\"_self\" class=\"button-link button-link-email\" >Inviare un'e-mail&nbsp;&nbsp;<i class=\"fa fa-envelope\"><\/i><\/a><\/div>\t\t\t\t<\/div>\n\t\t\t\t<\/div>\n\t\t\t\t\t<\/div>\n\t\t<\/div>\n\t\t\t\t\t<\/div>\n\t\t<\/section>\n\t\t\t\t<\/div>\n\t\t","protected":false},"excerpt":{"rendered":"<p>HERRSCHAFT \/ F\u00dcNF D\u00d6RFER Membri di direzione Erika Cahenzli-Philipp Grossr\u00e4tin Ina Geisseler Vorstandsmitglied SP Herrschaft \/ F\u00fcnf D\u00f6rfer Bettina Hoch Grossr\u00e4tin Heinz Kunz Parteivorstandsmitglied, Co-Pr\u00e4sident Herrschaft\/5 D\u00f6rfer Carolina Rusch Nigg [&hellip;]<\/p>\n","protected":false},"author":13,"featured_media":0,"parent":0,"menu_order":4,"comment_status":"closed","ping_status":"closed","template":"","meta":{"footnotes":""},"class_list":["post-91452","page","type-page","status-publish","hentry"],"_links":{"self":[{"href":"https:\/\/sp-gr.ch\/it\/wp-json\/wp\/v2\/pages\/91452","targetHints":{"allow":["GET"]}}],"collection":[{"href":"https:\/\/sp-gr.ch\/it\/wp-json\/wp\/v2\/pages"}],"about":[{"href":"https:\/\/sp-gr.ch\/it\/wp-json\/wp\/v2\/types\/page"}],"author":[{"embeddable":true,"href":"https:\/\/sp-gr.ch\/it\/wp-json\/wp\/v2\/users\/13"}],"replies":[{"embeddable":true,"href":"https:\/\/sp-gr.ch\/it\/wp-json\/wp\/v2\/comments?post=91452"}],"version-history":[{"count":4,"href":"https:\/\/sp-gr.ch\/it\/wp-json\/wp\/v2\/pages\/91452\/revisions"}],"predecessor-version":[{"id":92196,"href":"https:\/\/sp-gr.ch\/it\/wp-json\/wp\/v2\/pages\/91452\/revisions\/92196"}],"wp:attachment":[{"href":"https:\/\/sp-gr.ch\/it\/wp-json\/wp\/v2\/media?parent=91452"}],"curies":[{"name":"wp","href":"https:\/\/api.w.org\/{rel}","templated":true}]}}