{"id":91438,"date":"2024-05-02T12:26:29","date_gmt":"2024-05-02T10:26:29","guid":{"rendered":"https:\/\/gr.spschweiz.ch\/davos\/"},"modified":"2024-05-06T17:47:03","modified_gmt":"2024-05-06T15:47:03","slug":"davos","status":"publish","type":"page","link":"https:\/\/sp-gr.ch\/it\/davos\/","title":{"rendered":"Davos"},"content":{"rendered":"\t\t<div data-elementor-type=\"wp-post\" data-elementor-id=\"91438\" class=\"elementor elementor-91438 elementor-90757\" data-elementor-post-type=\"page\">\n\t\t\t\t\t\t<section class=\"elementor-section elementor-top-section elementor-element elementor-element-9e1acc0 elementor-section-full_width elementor-section-height-default elementor-section-height-default\" data-id=\"9e1acc0\" data-element_type=\"section\" data-settings=\"{&quot;jet_parallax_layout_list&quot;:[],&quot;background_background&quot;:&quot;classic&quot;}\">\n\t\t\t\t\t\t<div class=\"elementor-container elementor-column-gap-default\">\n\t\t\t\t\t<div class=\"elementor-column elementor-col-100 elementor-top-column elementor-element elementor-element-7b6201f\" data-id=\"7b6201f\" data-element_type=\"column\">\n\t\t\t<div class=\"elementor-widget-wrap elementor-element-populated\">\n\t\t\t\t\t\t<div class=\"elementor-element elementor-element-89d050d elementor-widget elementor-widget-spacer\" data-id=\"89d050d\" data-element_type=\"widget\" data-widget_type=\"spacer.default\">\n\t\t\t\t<div class=\"elementor-widget-container\">\n\t\t\t\t\t\t\t<div class=\"elementor-spacer\">\n\t\t\t<div class=\"elementor-spacer-inner\"><\/div>\n\t\t<\/div>\n\t\t\t\t\t\t<\/div>\n\t\t\t\t<\/div>\n\t\t\t\t<div class=\"elementor-element elementor-element-659e6f2 elementor-widget elementor-widget-heading\" data-id=\"659e6f2\" data-element_type=\"widget\" data-widget_type=\"heading.default\">\n\t\t\t\t<div class=\"elementor-widget-container\">\n\t\t\t\t\t<h2 class=\"elementor-heading-title elementor-size-default\">DAVOS<\/h2>\t\t\t\t<\/div>\n\t\t\t\t<\/div>\n\t\t\t\t<div class=\"elementor-element elementor-element-a8e89e8 elementor-widget elementor-widget-spacer\" data-id=\"a8e89e8\" data-element_type=\"widget\" data-widget_type=\"spacer.default\">\n\t\t\t\t<div class=\"elementor-widget-container\">\n\t\t\t\t\t\t\t<div class=\"elementor-spacer\">\n\t\t\t<div class=\"elementor-spacer-inner\"><\/div>\n\t\t<\/div>\n\t\t\t\t\t\t<\/div>\n\t\t\t\t<\/div>\n\t\t\t\t\t<\/div>\n\t\t<\/div>\n\t\t\t\t\t<\/div>\n\t\t<\/section>\n\t\t\t\t<section class=\"elementor-section elementor-top-section elementor-element elementor-element-f1d0649 elementor-section-boxed elementor-section-height-default elementor-section-height-default\" data-id=\"f1d0649\" data-element_type=\"section\" data-settings=\"{&quot;jet_parallax_layout_list&quot;:[]}\">\n\t\t\t\t\t\t<div class=\"elementor-container elementor-column-gap-default\">\n\t\t\t\t\t<div class=\"elementor-column elementor-col-100 elementor-top-column elementor-element elementor-element-d9897a1\" data-id=\"d9897a1\" data-element_type=\"column\">\n\t\t\t<div class=\"elementor-widget-wrap elementor-element-populated\">\n\t\t\t\t\t\t<div class=\"elementor-element elementor-element-1c0e016 elementor-widget elementor-widget-spps_person_grid\" data-id=\"1c0e016\" data-element_type=\"widget\" data-widget_type=\"spps_person_grid.default\">\n\t\t\t\t<div class=\"elementor-widget-container\">\n\t\t\t\t\t<div class=\"button-list-wrapper \"><div class=\"button-list-title\"><h2>Membri di direzione<\/h2><\/div><div class=\"button-list-container\"><div class=\"persons persons-grid-2\"><div class=\"persons-items\"><div class=\"persons-item\"><div class=\"person-container\"><div class=\"person-portrait\"><a href=\"https:\/\/sp-gr.ch\/it\/person\/ladina-alioth\/\"><img decoding=\"async\" src=\"https:\/\/sp-gr.ch\/wp-content\/uploads\/2024\/04\/Ladina-Alioth_0004-Edit-copy-600x600.jpg?v=1713862912\" alt=\"Ladina Alioth\" loading=\"lazy\"><\/a><\/div><div class=\"person-content\"><a href=\"https:\/\/sp-gr.ch\/it\/person\/ladina-alioth\/\" class=\"person-name\"><p><strong>Ladina Alioth<\/strong><\/p><\/a><p class=\"person-position\">Legislativo del comune di Davos<\/p><\/div><\/div><\/div><div class=\"persons-item\"><div class=\"person-container\"><div class=\"person-portrait\"><a href=\"https:\/\/sp-gr.ch\/it\/person\/severin-bischof\/\"><img decoding=\"async\" src=\"https:\/\/sp-gr.ch\/wp-content\/themes\/sp-ps-elementor-child\/images\/menschen_fallback.jpg\" alt=\"Person Fallback Portrait\" loading=\"lazy\"><\/a><\/div><div class=\"person-content\"><a href=\"https:\/\/sp-gr.ch\/it\/person\/severin-bischof\/\" class=\"person-name\"><p><strong>Severin Bischof<\/strong><\/p><\/a><p class=\"person-position\">Membro del Comitato cantonale, Cassiere PS Davos<\/p><\/div><\/div><\/div><div class=\"persons-item\"><div class=\"person-container\"><div class=\"person-portrait\"><a href=\"https:\/\/sp-gr.ch\/it\/person\/rita-gianelli\/\"><img decoding=\"async\" src=\"https:\/\/sp-gr.ch\/wp-content\/uploads\/2024\/04\/Rita-Gianelli_0127-Edit-copy-600x600.jpg?v=1713862910\" alt=\"Rita Gianelli\" loading=\"lazy\"><\/a><\/div><div class=\"person-content\"><a href=\"https:\/\/sp-gr.ch\/it\/person\/rita-gianelli\/\" class=\"person-name\"><p><strong>Rita Gianelli<\/strong><\/p><\/a><p class=\"person-position\">Legislativo del comune di Davos<\/p><\/div><\/div><\/div><div class=\"persons-item\"><div class=\"person-container\"><div class=\"person-portrait\"><a href=\"https:\/\/sp-gr.ch\/it\/person\/melanie-kraehenbuehl\/\"><img decoding=\"async\" src=\"https:\/\/sp-gr.ch\/wp-content\/uploads\/2024\/04\/Kraehenbuehl_Melanie_web-copy-600x600.jpg?v=1713863037\" alt=\"Melanie Kr\u00e4henb\u00fchl\" loading=\"lazy\"><\/a><\/div><div class=\"person-content\"><a href=\"https:\/\/sp-gr.ch\/it\/person\/melanie-kraehenbuehl\/\" class=\"person-name\"><p><strong>Melanie Kr\u00e4henb\u00fchl<\/strong><\/p><\/a><p class=\"person-position\">Membro della Comissione scolastica PS Davos<\/p><\/div><\/div><\/div><div class=\"persons-item\"><div class=\"person-container\"><div class=\"person-portrait\"><a href=\"https:\/\/sp-gr.ch\/it\/person\/janine-loher\/\"><img decoding=\"async\" src=\"https:\/\/sp-gr.ch\/wp-content\/uploads\/2024\/04\/Janine-Loher_0208-Edit-copy-600x600.jpg?v=1713862797\" alt=\"Janine Loher\" loading=\"lazy\"><\/a><\/div><div class=\"person-content\"><a href=\"https:\/\/sp-gr.ch\/it\/person\/janine-loher\/\" class=\"person-name\"><p><strong>Janine Loher<\/strong><\/p><\/a><p class=\"person-position\">Membro del Comitato PS Davos<\/p><\/div><\/div><\/div><div class=\"persons-item\"><div class=\"person-container\"><div class=\"person-portrait\"><a href=\"https:\/\/sp-gr.ch\/it\/person\/joshua-verhoeven\/\"><img decoding=\"async\" src=\"https:\/\/sp-gr.ch\/wp-content\/uploads\/2024\/04\/Joshua-Verhoeven_0090-Edit.jpg?v=1713794517\" alt=\"Joshua Wada\" loading=\"lazy\"><\/a><\/div><div class=\"person-content\"><a href=\"https:\/\/sp-gr.ch\/it\/person\/joshua-verhoeven\/\" class=\"person-name\"><p><strong>Joshua Wada<\/strong><\/p><\/a><p class=\"person-position\">Segretario del partito e della frazione, Presidente PS Davos<\/p><\/div><\/div><\/div><div class=\"persons-item\"><div class=\"person-container\"><div class=\"person-portrait\"><a href=\"https:\/\/sp-gr.ch\/it\/person\/stefan-walser\/\"><img decoding=\"async\" src=\"https:\/\/sp-gr.ch\/wp-content\/uploads\/2024\/04\/Walser_Stefan_web-600x600.jpg?v=1713791416\" alt=\"Stefan Walser\" loading=\"lazy\"><\/a><\/div><div class=\"person-content\"><a href=\"https:\/\/sp-gr.ch\/it\/person\/stefan-walser\/\" class=\"person-name\"><p><strong>Stefan Walser<\/strong><\/p><\/a><p class=\"person-position\">Granconsigliere <\/p><\/div><\/div><\/div><div class=\"persons-item\"><div class=\"person-container\"><div class=\"person-portrait\"><a href=\"https:\/\/sp-gr.ch\/it\/person\/philipp-wilhelm\/\"><img decoding=\"async\" src=\"https:\/\/sp-gr.ch\/wp-content\/uploads\/2024\/04\/Wilhelm_Ph_web-1-600x600.jpg?v=1713791945\" alt=\"Philipp Wilhelm\" loading=\"lazy\"><\/a><\/div><div class=\"person-content\"><a href=\"https:\/\/sp-gr.ch\/it\/person\/philipp-wilhelm\/\" class=\"person-name\"><p><strong>Philipp Wilhelm<\/strong><\/p><\/a><p class=\"person-position\">Landamano Davos, Granconsigliere , Vorsitz Fachkommission ambiente, transporti & energia<\/p><\/div><\/div><\/div><div class=\"persons-item\"><div class=\"person-container\"><div class=\"person-portrait\"><a href=\"https:\/\/sp-gr.ch\/it\/person\/linda-zaugg\/\"><img decoding=\"async\" src=\"https:\/\/sp-gr.ch\/wp-content\/uploads\/2024\/04\/Linda-Zaugg_0046-Edit-copy-600x600.jpg?v=1713862914\" alt=\"Linda Zaugg\" loading=\"lazy\"><\/a><\/div><div class=\"person-content\"><a href=\"https:\/\/sp-gr.ch\/it\/person\/linda-zaugg\/\" class=\"person-name\"><p><strong>Linda Zaugg<\/strong><\/p><\/a><p class=\"person-position\">Legislativo del comune di Davos<\/p><\/div><\/div><\/div><\/div><\/div><\/div><\/div>\t\t\t\t<\/div>\n\t\t\t\t<\/div>\n\t\t\t\t\t<\/div>\n\t\t<\/div>\n\t\t\t\t\t<\/div>\n\t\t<\/section>\n\t\t\t\t<section class=\"elementor-section elementor-top-section elementor-element elementor-element-b45db8d elementor-section-boxed elementor-section-height-default elementor-section-height-default\" data-id=\"b45db8d\" data-element_type=\"section\" data-settings=\"{&quot;jet_parallax_layout_list&quot;:[]}\">\n\t\t\t\t\t\t<div class=\"elementor-container elementor-column-gap-default\">\n\t\t\t\t\t<div class=\"elementor-column elementor-col-50 elementor-top-column elementor-element elementor-element-03af7e5\" data-id=\"03af7e5\" data-element_type=\"column\">\n\t\t\t<div class=\"elementor-widget-wrap elementor-element-populated\">\n\t\t\t\t\t\t<div class=\"elementor-element elementor-element-d7380ef elementor-widget-tablet__width-initial elementor-widget elementor-widget-spps_person_grid\" data-id=\"d7380ef\" data-element_type=\"widget\" data-widget_type=\"spps_person_grid.default\">\n\t\t\t\t<div class=\"elementor-widget-container\">\n\t\t\t\t\t<div class=\"button-list-wrapper \"><div class=\"button-list-title\"><h2>Domande?<\/h2><\/div><div class=\"button-list-container\"><div class=\"persons persons-grid-2\"><div class=\"persons-items\"><div class=\"persons-item\"><div class=\"person-container\"><div class=\"person-portrait\"><a href=\"https:\/\/sp-gr.ch\/it\/person\/joshua-verhoeven\/\"><img decoding=\"async\" src=\"https:\/\/sp-gr.ch\/wp-content\/uploads\/2024\/04\/Joshua-Verhoeven_0090-Edit.jpg?v=1713794517\" alt=\"Joshua Wada\" loading=\"lazy\"><\/a><\/div><div class=\"person-content\"><a href=\"https:\/\/sp-gr.ch\/it\/person\/joshua-verhoeven\/\" class=\"person-name\"><p><strong>Joshua Wada<\/strong><\/p><\/a><p class=\"person-position\">Segretario del partito e della frazione, Presidente PS Davos<\/p><\/div><\/div><\/div><\/div><\/div><\/div><\/div>\t\t\t\t<\/div>\n\t\t\t\t<\/div>\n\t\t\t\t<div class=\"elementor-element elementor-element-34ad005 elementor-widget elementor-widget-spps_button\" data-id=\"34ad005\" data-element_type=\"widget\" data-widget_type=\"spps_button.default\">\n\t\t\t\t<div class=\"elementor-widget-container\">\n\t\t\t\t\t<div class=\"button-wrapper button-wrapper-left\"><a href=\"mailto:joshuav@me.com\"  target=\"_self\" class=\"button-link button-link-email\" >Inviare un'e-mail&nbsp;&nbsp;<i class=\"fa fa-envelope\"><\/i><\/a><\/div>\t\t\t\t<\/div>\n\t\t\t\t<\/div>\n\t\t\t\t\t<\/div>\n\t\t<\/div>\n\t\t\t\t<div class=\"elementor-column elementor-col-50 elementor-top-column elementor-element elementor-element-5ad5227\" data-id=\"5ad5227\" data-element_type=\"column\">\n\t\t\t<div class=\"elementor-widget-wrap elementor-element-populated\">\n\t\t\t\t\t\t<div class=\"elementor-element elementor-element-073fed6 elementor-widget elementor-widget-heading\" data-id=\"073fed6\" data-element_type=\"widget\" data-widget_type=\"heading.default\">\n\t\t\t\t<div class=\"elementor-widget-container\">\n\t\t\t\t\t<h2 class=\"elementor-heading-title elementor-size-default\">Media sociali<\/h2>\t\t\t\t<\/div>\n\t\t\t\t<\/div>\n\t\t\t\t<div class=\"elementor-element elementor-element-fe72ade e-grid-align-left elementor-shape-rounded elementor-grid-0 elementor-widget elementor-widget-social-icons\" data-id=\"fe72ade\" data-element_type=\"widget\" data-widget_type=\"social-icons.default\">\n\t\t\t\t<div class=\"elementor-widget-container\">\n\t\t\t\t\t\t\t<div class=\"elementor-social-icons-wrapper elementor-grid\" role=\"list\">\n\t\t\t\t\t\t\t<span class=\"elementor-grid-item\" role=\"listitem\">\n\t\t\t\t\t<a class=\"elementor-icon elementor-social-icon elementor-social-icon-instagram elementor-repeater-item-eef902a\" href=\"https:\/\/www.instagram.com\/sp_davos\/\" target=\"_blank\">\n\t\t\t\t\t\t<span class=\"elementor-screen-only\">Instagram<\/span>\n\t\t\t\t\t\t<i aria-hidden=\"true\" class=\"fab fa-instagram\"><\/i>\t\t\t\t\t<\/a>\n\t\t\t\t<\/span>\n\t\t\t\t\t\t\t<span class=\"elementor-grid-item\" role=\"listitem\">\n\t\t\t\t\t<a class=\"elementor-icon elementor-social-icon elementor-social-icon-facebook elementor-repeater-item-5a04d3c\" href=\"https:\/\/www.facebook.com\/SPDavos\" target=\"_blank\">\n\t\t\t\t\t\t<span class=\"elementor-screen-only\">Facebook<\/span>\n\t\t\t\t\t\t<i aria-hidden=\"true\" class=\"fab fa-facebook\"><\/i>\t\t\t\t\t<\/a>\n\t\t\t\t<\/span>\n\t\t\t\t\t\t\t<span class=\"elementor-grid-item\" role=\"listitem\">\n\t\t\t\t\t<a class=\"elementor-icon elementor-social-icon elementor-social-icon-globe elementor-repeater-item-8eb9251\" href=\"https:\/\/spdavos.ch\/\" target=\"_blank\">\n\t\t\t\t\t\t<span class=\"elementor-screen-only\">Globe<\/span>\n\t\t\t\t\t\t<i aria-hidden=\"true\" class=\"fas fa-globe\"><\/i>\t\t\t\t\t<\/a>\n\t\t\t\t<\/span>\n\t\t\t\t\t<\/div>\n\t\t\t\t\t\t<\/div>\n\t\t\t\t<\/div>\n\t\t\t\t\t<\/div>\n\t\t<\/div>\n\t\t\t\t\t<\/div>\n\t\t<\/section>\n\t\t\t\t<section class=\"elementor-section elementor-top-section elementor-element elementor-element-60f42f3 elementor-section-full_width elementor-section-height-default elementor-section-height-default\" data-id=\"60f42f3\" data-element_type=\"section\" data-settings=\"{&quot;jet_parallax_layout_list&quot;:[]}\">\n\t\t\t\t\t\t<div class=\"elementor-container elementor-column-gap-default\">\n\t\t\t\t\t<div class=\"elementor-column elementor-col-100 elementor-top-column elementor-element elementor-element-cc4fc2d\" data-id=\"cc4fc2d\" data-element_type=\"column\">\n\t\t\t<div class=\"elementor-widget-wrap\">\n\t\t\t\t\t\t\t<\/div>\n\t\t<\/div>\n\t\t\t\t\t<\/div>\n\t\t<\/section>\n\t\t\t\t<\/div>\n\t\t","protected":false},"excerpt":{"rendered":"<p>DAVOS Membri di direzione Ladina Alioth Grosse Landr\u00e4tin Davos Severin Bischof Parteivorstandsmitglied, Kassier SP Davos Rita Gianelli Grosse Landr\u00e4tin SP Davos Melanie Kr\u00e4henb\u00fchl Schulr\u00e4tin SP Davos Janine Loher Vorstandsmitglied SP [&hellip;]<\/p>\n","protected":false},"author":13,"featured_media":0,"parent":0,"menu_order":2,"comment_status":"closed","ping_status":"closed","template":"","meta":{"footnotes":""},"class_list":["post-91438","page","type-page","status-publish","hentry"],"_links":{"self":[{"href":"https:\/\/sp-gr.ch\/it\/wp-json\/wp\/v2\/pages\/91438","targetHints":{"allow":["GET"]}}],"collection":[{"href":"https:\/\/sp-gr.ch\/it\/wp-json\/wp\/v2\/pages"}],"about":[{"href":"https:\/\/sp-gr.ch\/it\/wp-json\/wp\/v2\/types\/page"}],"author":[{"embeddable":true,"href":"https:\/\/sp-gr.ch\/it\/wp-json\/wp\/v2\/users\/13"}],"replies":[{"embeddable":true,"href":"https:\/\/sp-gr.ch\/it\/wp-json\/wp\/v2\/comments?post=91438"}],"version-history":[{"count":5,"href":"https:\/\/sp-gr.ch\/it\/wp-json\/wp\/v2\/pages\/91438\/revisions"}],"predecessor-version":[{"id":92186,"href":"https:\/\/sp-gr.ch\/it\/wp-json\/wp\/v2\/pages\/91438\/revisions\/92186"}],"wp:attachment":[{"href":"https:\/\/sp-gr.ch\/it\/wp-json\/wp\/v2\/media?parent=91438"}],"curies":[{"name":"wp","href":"https:\/\/api.w.org\/{rel}","templated":true}]}}