{"id":91403,"date":"2024-05-02T12:08:05","date_gmt":"2024-05-02T10:08:05","guid":{"rendered":"https:\/\/gr.spschweiz.ch\/giustizia-sicurezza\/"},"modified":"2024-05-02T12:08:06","modified_gmt":"2024-05-02T10:08:06","slug":"giustizia-sicurezza","status":"publish","type":"page","link":"https:\/\/sp-gr.ch\/it\/giustizia-sicurezza\/","title":{"rendered":"Giustizia &#038; sicurezza"},"content":{"rendered":"\t\t<div data-elementor-type=\"wp-post\" data-elementor-id=\"91403\" class=\"elementor elementor-91403 elementor-90648\" data-elementor-post-type=\"page\">\n\t\t\t\t\t\t<section class=\"elementor-section elementor-top-section elementor-element elementor-element-7b547f1 elementor-section-full_width elementor-section-height-default elementor-section-height-default\" data-id=\"7b547f1\" data-element_type=\"section\" data-settings=\"{&quot;jet_parallax_layout_list&quot;:[],&quot;background_background&quot;:&quot;classic&quot;}\">\n\t\t\t\t\t\t<div class=\"elementor-container elementor-column-gap-default\">\n\t\t\t\t\t<div class=\"elementor-column elementor-col-100 elementor-top-column elementor-element elementor-element-aecd980\" data-id=\"aecd980\" data-element_type=\"column\">\n\t\t\t<div class=\"elementor-widget-wrap elementor-element-populated\">\n\t\t\t\t\t\t<div class=\"elementor-element elementor-element-11c2fe9 elementor-widget elementor-widget-spacer\" data-id=\"11c2fe9\" data-element_type=\"widget\" data-widget_type=\"spacer.default\">\n\t\t\t\t<div class=\"elementor-widget-container\">\n\t\t\t\t\t\t\t<div class=\"elementor-spacer\">\n\t\t\t<div class=\"elementor-spacer-inner\"><\/div>\n\t\t<\/div>\n\t\t\t\t\t\t<\/div>\n\t\t\t\t<\/div>\n\t\t\t\t<div class=\"elementor-element elementor-element-2f40058 elementor-widget elementor-widget-heading\" data-id=\"2f40058\" data-element_type=\"widget\" data-widget_type=\"heading.default\">\n\t\t\t\t<div class=\"elementor-widget-container\">\n\t\t\t\t\t<h2 class=\"elementor-heading-title elementor-size-default\">GIUSTIZIA E SICUREZZA<\/h2>\t\t\t\t<\/div>\n\t\t\t\t<\/div>\n\t\t\t\t<div class=\"elementor-element elementor-element-fdaf03e elementor-widget elementor-widget-spacer\" data-id=\"fdaf03e\" data-element_type=\"widget\" data-widget_type=\"spacer.default\">\n\t\t\t\t<div class=\"elementor-widget-container\">\n\t\t\t\t\t\t\t<div class=\"elementor-spacer\">\n\t\t\t<div class=\"elementor-spacer-inner\"><\/div>\n\t\t<\/div>\n\t\t\t\t\t\t<\/div>\n\t\t\t\t<\/div>\n\t\t\t\t\t<\/div>\n\t\t<\/div>\n\t\t\t\t\t<\/div>\n\t\t<\/section>\n\t\t\t\t<section class=\"elementor-section elementor-top-section elementor-element elementor-element-d8cabf4 elementor-section-boxed elementor-section-height-default elementor-section-height-default\" data-id=\"d8cabf4\" data-element_type=\"section\" data-settings=\"{&quot;jet_parallax_layout_list&quot;:[]}\">\n\t\t\t\t\t\t<div class=\"elementor-container elementor-column-gap-default\">\n\t\t\t\t\t<div class=\"elementor-column elementor-col-100 elementor-top-column elementor-element elementor-element-5d47cfc\" data-id=\"5d47cfc\" data-element_type=\"column\">\n\t\t\t<div class=\"elementor-widget-wrap elementor-element-populated\">\n\t\t\t\t\t\t<div class=\"elementor-element elementor-element-cba3d6e elementor-widget elementor-widget-spacer\" data-id=\"cba3d6e\" data-element_type=\"widget\" data-widget_type=\"spacer.default\">\n\t\t\t\t<div class=\"elementor-widget-container\">\n\t\t\t\t\t\t\t<div class=\"elementor-spacer\">\n\t\t\t<div class=\"elementor-spacer-inner\"><\/div>\n\t\t<\/div>\n\t\t\t\t\t\t<\/div>\n\t\t\t\t<\/div>\n\t\t\t\t<div class=\"elementor-element elementor-element-d8d365a elementor-widget elementor-widget-text-editor\" data-id=\"d8d365a\" data-element_type=\"widget\" data-widget_type=\"text-editor.default\">\n\t\t\t\t<div class=\"elementor-widget-container\">\n\t\t\t\t\t\t\t\t\t<p>Il PS si impegna per un sistema giudiziario affidabile ed efficiente nel Cantone dei Grigioni, a disposizione di tutti coloro che cercano giustizia. La protezione dei minori e degli adulti che \u00e8 vicina alla gente \u00e8 importante per noi, cos\u00ec come gli organi di sicurezza e il controllo delle catastrofi al servizio della popolazione. La commissione di esperti \u00e8 presieduta da Julia M\u00fcller.<\/p>\n\t\t\t\t\t\t\t\t<\/div>\n\t\t\t\t<\/div>\n\t\t\t\t\t<\/div>\n\t\t<\/div>\n\t\t\t\t\t<\/div>\n\t\t<\/section>\n\t\t\t\t<section class=\"elementor-section elementor-top-section elementor-element elementor-element-9876c5b elementor-section-boxed elementor-section-height-default elementor-section-height-default\" data-id=\"9876c5b\" data-element_type=\"section\" data-settings=\"{&quot;jet_parallax_layout_list&quot;:[]}\">\n\t\t\t\t\t\t<div class=\"elementor-container elementor-column-gap-default\">\n\t\t\t\t\t<div class=\"elementor-column elementor-col-50 elementor-top-column elementor-element elementor-element-6a41f4c\" data-id=\"6a41f4c\" data-element_type=\"column\">\n\t\t\t<div class=\"elementor-widget-wrap elementor-element-populated\">\n\t\t\t\t\t\t<div class=\"elementor-element elementor-element-c1ff153 elementor-widget elementor-widget-spps_person_grid\" data-id=\"c1ff153\" data-element_type=\"widget\" data-widget_type=\"spps_person_grid.default\">\n\t\t\t\t<div class=\"elementor-widget-container\">\n\t\t\t\t\t<div class=\"button-list-wrapper \"><div class=\"button-list-title\"><h2>Domande?<\/h2><\/div><div class=\"button-list-container\"><div class=\"persons persons-grid-2\"><div class=\"persons-items\"><div class=\"persons-item\"><div class=\"person-container\"><div class=\"person-portrait\"><a href=\"https:\/\/sp-gr.ch\/it\/person\/julia-mueller\/\"><img decoding=\"async\" src=\"https:\/\/sp-gr.ch\/wp-content\/uploads\/2024\/04\/Mueller_Julia_web-1-600x600.jpg?v=1713792607\" alt=\"Julia M\u00fcller\" loading=\"lazy\"><\/a><\/div><div class=\"person-content\"><a href=\"https:\/\/sp-gr.ch\/it\/person\/julia-mueller\/\" class=\"person-name\"><p><strong>Julia M\u00fcller<\/strong><\/p><\/a><p class=\"person-position\">Granconsigliera, Presidente PS Grigioni<\/p><\/div><\/div><\/div><\/div><\/div><\/div><\/div>\t\t\t\t<\/div>\n\t\t\t\t<\/div>\n\t\t\t\t<div class=\"elementor-element elementor-element-399e3b3 elementor-widget elementor-widget-spps_button\" data-id=\"399e3b3\" data-element_type=\"widget\" data-widget_type=\"spps_button.default\">\n\t\t\t\t<div class=\"elementor-widget-container\">\n\t\t\t\t\t<div class=\"button-wrapper button-wrapper-left\"><a href=\"mailto:julia.mueller@spin.ch\"  target=\"_self\" class=\"button-link button-link-email\" >Inviare un'e-mail&nbsp;&nbsp;<i class=\"fa fa-envelope\"><\/i><\/a><\/div>\t\t\t\t<\/div>\n\t\t\t\t<\/div>\n\t\t\t\t\t<\/div>\n\t\t<\/div>\n\t\t\t\t<div class=\"elementor-column elementor-col-50 elementor-top-column elementor-element elementor-element-63650b6\" data-id=\"63650b6\" data-element_type=\"column\">\n\t\t\t<div class=\"elementor-widget-wrap\">\n\t\t\t\t\t\t\t<\/div>\n\t\t<\/div>\n\t\t\t\t\t<\/div>\n\t\t<\/section>\n\t\t\t\t<\/div>\n\t\t","protected":false},"excerpt":{"rendered":"<p>GIUSTIZIA E SICUREZZA Il PS si impegna per un sistema giudiziario affidabile ed efficiente nel Cantone dei Grigioni, a disposizione di tutti coloro che cercano giustizia. La protezione dei minori [&hellip;]<\/p>\n","protected":false},"author":13,"featured_media":0,"parent":0,"menu_order":7,"comment_status":"closed","ping_status":"closed","template":"","meta":{"footnotes":""},"class_list":["post-91403","page","type-page","status-publish","hentry"],"_links":{"self":[{"href":"https:\/\/sp-gr.ch\/it\/wp-json\/wp\/v2\/pages\/91403","targetHints":{"allow":["GET"]}}],"collection":[{"href":"https:\/\/sp-gr.ch\/it\/wp-json\/wp\/v2\/pages"}],"about":[{"href":"https:\/\/sp-gr.ch\/it\/wp-json\/wp\/v2\/types\/page"}],"author":[{"embeddable":true,"href":"https:\/\/sp-gr.ch\/it\/wp-json\/wp\/v2\/users\/13"}],"replies":[{"embeddable":true,"href":"https:\/\/sp-gr.ch\/it\/wp-json\/wp\/v2\/comments?post=91403"}],"version-history":[{"count":1,"href":"https:\/\/sp-gr.ch\/it\/wp-json\/wp\/v2\/pages\/91403\/revisions"}],"predecessor-version":[{"id":91404,"href":"https:\/\/sp-gr.ch\/it\/wp-json\/wp\/v2\/pages\/91403\/revisions\/91404"}],"wp:attachment":[{"href":"https:\/\/sp-gr.ch\/it\/wp-json\/wp\/v2\/media?parent=91403"}],"curies":[{"name":"wp","href":"https:\/\/api.w.org\/{rel}","templated":true}]}}