{"id":91385,"date":"2024-05-02T11:57:55","date_gmt":"2024-05-02T09:57:55","guid":{"rendered":"https:\/\/gr.spschweiz.ch\/temi\/"},"modified":"2024-05-22T17:38:39","modified_gmt":"2024-05-22T15:38:39","slug":"temi-old","status":"publish","type":"page","link":"https:\/\/sp-gr.ch\/it\/temi-old\/","title":{"rendered":"Temi"},"content":{"rendered":"\t\t<div data-elementor-type=\"wp-post\" data-elementor-id=\"91385\" class=\"elementor elementor-91385 elementor-90568\" data-elementor-post-type=\"page\">\n\t\t\t\t\t\t<section class=\"elementor-section elementor-top-section elementor-element elementor-element-fbe9053 elementor-section-boxed elementor-section-height-default elementor-section-height-default\" data-id=\"fbe9053\" data-element_type=\"section\" data-settings=\"{&quot;jet_parallax_layout_list&quot;:[],&quot;background_background&quot;:&quot;classic&quot;}\">\n\t\t\t\t\t\t<div class=\"elementor-container elementor-column-gap-wide\">\n\t\t\t\t\t<div class=\"elementor-column elementor-col-100 elementor-top-column elementor-element elementor-element-0731e3b\" data-id=\"0731e3b\" data-element_type=\"column\">\n\t\t\t<div class=\"elementor-widget-wrap elementor-element-populated\">\n\t\t\t\t\t\t<div class=\"elementor-element elementor-element-2e6b55a elementor-widget elementor-widget-heading\" data-id=\"2e6b55a\" data-element_type=\"widget\" data-widget_type=\"heading.default\">\n\t\t\t\t<div class=\"elementor-widget-container\">\n\t\t\t\t\t<h1 class=\"elementor-heading-title elementor-size-default\">Temi<\/h1>\t\t\t\t<\/div>\n\t\t\t\t<\/div>\n\t\t\t\t<div class=\"elementor-element elementor-element-f55447b elementor-widget__width-initial elementor-widget elementor-widget-text-editor\" data-id=\"f55447b\" data-element_type=\"widget\" data-widget_type=\"text-editor.default\">\n\t\t\t\t<div class=\"elementor-widget-container\">\n\t\t\t\t\t\t\t\t\t<p>Nel PS Grigioni abbiamo commissioni tematiche per ogni ambito politico. Tra le altre cose, partecipano alle consultazioni o redigono documenti su questioni interessanti. Le commissioni sono aperte a tutti i membri e sono quindi uno strumento importante della nostra democrazia di base.<\/p>\n\t\t\t\t\t\t\t\t<\/div>\n\t\t\t\t<\/div>\n\t\t\t\t\t<\/div>\n\t\t<\/div>\n\t\t\t\t\t<\/div>\n\t\t<\/section>\n\t\t\t\t<section class=\"elementor-section elementor-top-section elementor-element elementor-element-b892260 elementor-section-boxed elementor-section-height-default elementor-section-height-default\" data-id=\"b892260\" data-element_type=\"section\" data-settings=\"{&quot;jet_parallax_layout_list&quot;:[]}\">\n\t\t\t\t\t\t<div class=\"elementor-container elementor-column-gap-default\">\n\t\t\t\t\t<div class=\"elementor-column elementor-col-100 elementor-top-column elementor-element elementor-element-78ad9fa\" data-id=\"78ad9fa\" data-element_type=\"column\">\n\t\t\t<div class=\"elementor-widget-wrap elementor-element-populated\">\n\t\t\t\t\t\t<div class=\"elementor-element elementor-element-eb2301f elementor-widget elementor-widget-spps_person_grid\" data-id=\"eb2301f\" data-element_type=\"widget\" data-widget_type=\"spps_person_grid.default\">\n\t\t\t\t<div class=\"elementor-widget-container\">\n\t\t\t\t\t<div class=\"button-list-wrapper wrapper-spacing-default\"><div class=\"button-list-title\"><h2>POLITICA DELLO STATO<\/h2><\/div><div class=\"button-list-container\"><div class=\"button-list-text\"><p>I Grigioni hanno bisogno di una politica che si impegni per la giustizia e il bene comune e non per i potenti interessi individuali. I Grigioni hanno bisogno di pi\u00f9 diversit\u00e0 e pi\u00f9 uguaglianza. Pi\u00f9 trasparenza e pi\u00f9 democrazia. Ci impegniamo per l\u2019introduzione coerente dei diritti di voto ed elettorali per i residenti e per l\u2019et\u00e0 di voto di 16 anni. La commissione di esperti \u00e8 presieduta da Lukas Bardill.<\/p>\n<\/div><div class=\"persons persons-grid-2\"><div class=\"persons-items\"><div class=\"persons-item\"><div class=\"person-container\"><div class=\"person-portrait\"><a href=\"https:\/\/sp-gr.ch\/it\/person\/lukas-bardill\/\"><img decoding=\"async\" src=\"https:\/\/sp-gr.ch\/wp-content\/uploads\/2024\/04\/Bardill_Lukas_web-1-600x600.jpg?v=1713792443\" alt=\"Lukas Bardill\" loading=\"lazy\"><\/a><\/div><div class=\"person-content\"><a href=\"https:\/\/sp-gr.ch\/it\/person\/lukas-bardill\/\" class=\"person-name\"><p><strong>Lukas Bardill<\/strong><\/p><\/a><p class=\"person-position\">Granconsigliere, Presidente di comissione tematica politica dello stato<\/p><ul class=\"person-kontakt list-pills list-pills-grey\"><li><a href=\"mailto:lukas@bardillgerber.ch\">E-Mail<\/a><\/li><\/ul><\/div><\/div><\/div><\/div><\/div><\/div><\/div>\t\t\t\t<\/div>\n\t\t\t\t<\/div>\n\t\t\t\t<div class=\"elementor-element elementor-element-05433c9 elementor-widget elementor-widget-spps_person_grid\" data-id=\"05433c9\" data-element_type=\"widget\" data-widget_type=\"spps_person_grid.default\">\n\t\t\t\t<div class=\"elementor-widget-container\">\n\t\t\t\t\t<div class=\"button-list-wrapper wrapper-spacing-default\"><div class=\"button-list-title\"><h2>EDUCAZIONE & CULTURA<\/h2><\/div><div class=\"button-list-container\"><div class=\"button-list-text\"><p>Istruzione, cultura, multilinguismo: sono le nostre risorse per eccellenza. I Grigioni devono prendersene cura e investire su di esse, in tutte le valli. Questo ci d\u00e0 prospettive per il futuro e rafforza la nostra coesione. Scuole primarie ben organizzate e finanziate, borse di studio generose e maggiore sostegno linguistico e culturale sono tra le nostre richieste. Silvio Dietrich presiede il comitato di esperti.<\/p>\n<\/div><div class=\"persons persons-grid-2\"><div class=\"persons-items\"><div class=\"persons-item\"><div class=\"person-container\"><div class=\"person-portrait\"><a href=\"https:\/\/sp-gr.ch\/it\/person\/silvio-dietrich\/\"><img decoding=\"async\" src=\"https:\/\/sp-gr.ch\/wp-content\/uploads\/2024\/04\/0884FCA5-4DD4-4B8E-ACB1-2E2EF3E7135A_1_201_a-600x600.jpeg?v=1713791549\" alt=\"Silvio Dietrich\" loading=\"lazy\"><\/a><\/div><div class=\"person-content\"><a href=\"https:\/\/sp-gr.ch\/it\/person\/silvio-dietrich\/\" class=\"person-name\"><p><strong>Silvio Dietrich<\/strong><\/p><\/a><p class=\"person-position\">Granconsigliere<\/p><\/div><\/div><\/div><\/div><\/div><\/div><\/div>\t\t\t\t<\/div>\n\t\t\t\t<\/div>\n\t\t\t\t<div class=\"elementor-element elementor-element-9347eb0 elementor-widget elementor-widget-spps_person_grid\" data-id=\"9347eb0\" data-element_type=\"widget\" data-widget_type=\"spps_person_grid.default\">\n\t\t\t\t<div class=\"elementor-widget-container\">\n\t\t\t\t\t<div class=\"button-list-wrapper wrapper-spacing-default\"><div class=\"button-list-title\"><h2>SALUTE & AFFARI SOCIALI<\/h2><\/div><div class=\"button-list-container\"><div class=\"button-list-text\"><p>Un sistema sanitario ben sviluppato e decentralizzato \u00e8 fondamentale per la qualit\u00e0 della vita nel nostro Cantone. Le condizioni di lavoro degli operatori sanitari negli ospedali, nelle case di riposo e nell\u2019assistenza domiciliare devono finalmente migliorare. Il PS si batte per una riduzione dei premi ben concepita. Lottiamo contro la povert\u00e0 e per l\u2019inclusione del maggior numero possibile di persone nella vita sociale. La commissione \u00e8 presieduta da Renate Rutishauser.<\/p>\n<\/div><div class=\"persons persons-grid-2\"><div class=\"persons-items\"><div class=\"persons-item\"><div class=\"person-container\"><div class=\"person-portrait\"><a href=\"https:\/\/sp-gr.ch\/it\/person\/renate-rutishauser\/\"><img decoding=\"async\" src=\"https:\/\/sp-gr.ch\/wp-content\/uploads\/2024\/04\/Rutishauser_Renate_coated-1-600x600.jpg?v=1713791866\" alt=\"Renate Rutishauser\" loading=\"lazy\"><\/a><\/div><div class=\"person-content\"><a href=\"https:\/\/sp-gr.ch\/it\/person\/renate-rutishauser\/\" class=\"person-name\"><p><strong>Renate Rutishauser<\/strong><\/p><\/a><p class=\"person-position\">Granconsigliera, Presidente di comissione tematica salute & affari sociali<\/p><\/div><\/div><\/div><\/div><\/div><\/div><\/div>\t\t\t\t<\/div>\n\t\t\t\t<\/div>\n\t\t\t\t<div class=\"elementor-element elementor-element-1f2648d elementor-widget elementor-widget-spps_person_grid\" data-id=\"1f2648d\" data-element_type=\"widget\" data-widget_type=\"spps_person_grid.default\">\n\t\t\t\t<div class=\"elementor-widget-container\">\n\t\t\t\t\t<div class=\"button-list-wrapper wrapper-spacing-default\"><div class=\"button-list-title\"><h2>GIUSTIZIA & SICUREZZA<\/h2><\/div><div class=\"button-list-container\"><div class=\"button-list-text\"><p>Il PS si impegna per un sistema giudiziario affidabile ed efficiente nel Cantone dei Grigioni, a disposizione di tutti coloro che cercano giustizia. La protezione dei minori e degli adulti che \u00e8 vicina alla gente \u00e8 importante per noi, cos\u00ec come gli organi di sicurezza e il controllo delle catastrofi al servizio della popolazione. La commissione di esperti \u00e8 presieduta da Julia M\u00fcller.<\/p>\n<\/div><div class=\"persons persons-grid-2\"><div class=\"persons-items\"><div class=\"persons-item\"><div class=\"person-container\"><div class=\"person-portrait\"><a href=\"https:\/\/sp-gr.ch\/it\/person\/julia-mueller\/\"><img decoding=\"async\" src=\"https:\/\/sp-gr.ch\/wp-content\/uploads\/2024\/04\/Mueller_Julia_web-1-600x600.jpg?v=1713792607\" alt=\"Julia M\u00fcller\" loading=\"lazy\"><\/a><\/div><div class=\"person-content\"><a href=\"https:\/\/sp-gr.ch\/it\/person\/julia-mueller\/\" class=\"person-name\"><p><strong>Julia M\u00fcller<\/strong><\/p><\/a><p class=\"person-position\">Granconsigliera, Presidente PS Grigioni<\/p><\/div><\/div><\/div><\/div><\/div><\/div><\/div>\t\t\t\t<\/div>\n\t\t\t\t<\/div>\n\t\t\t\t<div class=\"elementor-element elementor-element-0553770 elementor-widget elementor-widget-spps_person_grid\" data-id=\"0553770\" data-element_type=\"widget\" data-widget_type=\"spps_person_grid.default\">\n\t\t\t\t<div class=\"elementor-widget-container\">\n\t\t\t\t\t<div class=\"button-list-wrapper wrapper-spacing-default\"><div class=\"button-list-title\"><h2>AMBIENTE, TRASPORTI & ENERGIA<\/h2><\/div><div class=\"button-list-container\"><div class=\"button-list-text\"><p>La catastrofe climatica e l\u2019estinzione delle specie minacciano i nostri mezzi di sussistenza. I Grigioni non possono aspettare e sperare in soluzioni globali o nazionali. Dobbiamo agire noi stessi e farlo con urgenza. Per questo motivo ci battiamo per un Green Deal efficace che includa un fondo per il clima, un\u2019offensiva solare, una strategia intelligente per l\u2019energia idroelettrica e un cambiamento sostenibile nei trasporti. Philipp Wilhelm presiede la Commissione Ambiente, Trasporti ed Energia.<\/p>\n<\/div><p>Es wurden keine Personen gefunden.<\/p><\/div><\/div>\t\t\t\t<\/div>\n\t\t\t\t<\/div>\n\t\t\t\t<div class=\"elementor-element elementor-element-2e5522a elementor-widget elementor-widget-spps_person_grid\" data-id=\"2e5522a\" data-element_type=\"widget\" data-widget_type=\"spps_person_grid.default\">\n\t\t\t\t<div class=\"elementor-widget-container\">\n\t\t\t\t\t<div class=\"button-list-wrapper wrapper-spacing-default\"><div class=\"button-list-title\"><h2>ECONOMIA & TASSE<\/h2><\/div><div class=\"button-list-container\"><div class=\"button-list-text\"><p>Il Cantone dei Grigioni trascura le questioni centrali del progresso e della qualit\u00e0 della vita. Questo porta all\u2019emigrazione. Solo se diventiamo pi\u00f9 attraenti come luogo di vita e di lavoro, eviteremo l\u2019emigrazione dalle valli. Il PS vuole un\u2019economia nazionale che premi il lavoro vero e non il capitale. Abbiamo bisogno di buoni salari, di un migliore equilibrio tra lavoro e vita privata e di alloggi a prezzi accessibili. La commissione \u00e8 presieduta da Andri Perl. Qui potete trovare i nostri ultimi progetti sul tema degli alloggi.<\/p>\n<\/div><div class=\"persons persons-grid-2\"><div class=\"persons-items\"><div class=\"persons-item\"><div class=\"person-container\"><div class=\"person-portrait\"><a href=\"https:\/\/sp-gr.ch\/it\/person\/silvia-bisculm\/\"><img decoding=\"async\" src=\"https:\/\/sp-gr.ch\/wp-content\/uploads\/2024\/04\/Bisculm_Silvia_web_neu-600x600.jpg?v=1713791715\" alt=\"Silvia Bisculm\" loading=\"lazy\"><\/a><\/div><div class=\"person-content\"><a href=\"https:\/\/sp-gr.ch\/it\/person\/silvia-bisculm\/\" class=\"person-name\"><p><strong>Silvia Bisculm<\/strong><\/p><\/a><p class=\"person-position\">Granconsigliera<\/p><\/div><\/div><\/div><\/div><\/div><\/div><\/div>\t\t\t\t<\/div>\n\t\t\t\t<\/div>\n\t\t\t\t\t<\/div>\n\t\t<\/div>\n\t\t\t\t\t<\/div>\n\t\t<\/section>\n\t\t\t\t<section class=\"elementor-section elementor-top-section elementor-element elementor-element-ecd80d9 elementor-section-boxed elementor-section-height-default elementor-section-height-default\" data-id=\"ecd80d9\" data-element_type=\"section\" data-settings=\"{&quot;jet_parallax_layout_list&quot;:[]}\">\n\t\t\t\t\t\t<div class=\"elementor-container elementor-column-gap-default\">\n\t\t\t\t\t<div class=\"elementor-column elementor-col-100 elementor-top-column elementor-element elementor-element-e5d4951\" data-id=\"e5d4951\" data-element_type=\"column\">\n\t\t\t<div class=\"elementor-widget-wrap elementor-element-populated\">\n\t\t\t\t\t\t<div class=\"elementor-element elementor-element-c008ae6 elementor-widget elementor-widget-spacer\" data-id=\"c008ae6\" data-element_type=\"widget\" data-widget_type=\"spacer.default\">\n\t\t\t\t<div class=\"elementor-widget-container\">\n\t\t\t\t\t\t\t<div class=\"elementor-spacer\">\n\t\t\t<div class=\"elementor-spacer-inner\"><\/div>\n\t\t<\/div>\n\t\t\t\t\t\t<\/div>\n\t\t\t\t<\/div>\n\t\t\t\t\t<\/div>\n\t\t<\/div>\n\t\t\t\t\t<\/div>\n\t\t<\/section>\n\t\t\t\t<section class=\"elementor-section elementor-top-section elementor-element elementor-element-58263df elementor-section-full_width elementor-section-height-default elementor-section-height-default\" data-id=\"58263df\" data-element_type=\"section\" data-settings=\"{&quot;jet_parallax_layout_list&quot;:[],&quot;background_background&quot;:&quot;classic&quot;}\">\n\t\t\t\t\t\t<div class=\"elementor-container elementor-column-gap-default\">\n\t\t\t\t\t<div class=\"elementor-column elementor-col-50 elementor-top-column elementor-element elementor-element-6515d25\" data-id=\"6515d25\" data-element_type=\"column\">\n\t\t\t<div class=\"elementor-widget-wrap elementor-element-populated\">\n\t\t\t\t\t\t<div class=\"elementor-element elementor-element-91b9495 elementor-widget elementor-widget-spacer\" data-id=\"91b9495\" data-element_type=\"widget\" data-widget_type=\"spacer.default\">\n\t\t\t\t<div class=\"elementor-widget-container\">\n\t\t\t\t\t\t\t<div class=\"elementor-spacer\">\n\t\t\t<div class=\"elementor-spacer-inner\"><\/div>\n\t\t<\/div>\n\t\t\t\t\t\t<\/div>\n\t\t\t\t<\/div>\n\t\t\t\t<div class=\"elementor-element elementor-element-4b53a57 elementor-widget elementor-widget-heading\" data-id=\"4b53a57\" data-element_type=\"widget\" data-widget_type=\"heading.default\">\n\t\t\t\t<div class=\"elementor-widget-container\">\n\t\t\t\t\t<h2 class=\"elementor-heading-title elementor-size-default\">UNISCITI A NOI!<\/h2>\t\t\t\t<\/div>\n\t\t\t\t<\/div>\n\t\t\t\t\t<\/div>\n\t\t<\/div>\n\t\t\t\t<div class=\"elementor-column elementor-col-50 elementor-top-column elementor-element elementor-element-3f2859c\" data-id=\"3f2859c\" data-element_type=\"column\">\n\t\t\t<div class=\"elementor-widget-wrap elementor-element-populated\">\n\t\t\t\t\t\t<div class=\"elementor-element elementor-element-21abb0a elementor-widget elementor-widget-spacer\" data-id=\"21abb0a\" data-element_type=\"widget\" data-widget_type=\"spacer.default\">\n\t\t\t\t<div class=\"elementor-widget-container\">\n\t\t\t\t\t\t\t<div class=\"elementor-spacer\">\n\t\t\t<div class=\"elementor-spacer-inner\"><\/div>\n\t\t<\/div>\n\t\t\t\t\t\t<\/div>\n\t\t\t\t<\/div>\n\t\t\t\t<div class=\"elementor-element elementor-element-64f774f elementor-widget elementor-widget-text-editor\" data-id=\"64f774f\" data-element_type=\"widget\" data-widget_type=\"text-editor.default\">\n\t\t\t\t<div class=\"elementor-widget-container\">\n\t\t\t\t\t\t\t\t\t<p>Il PS non vive per mezzo dell\u2019influsso di lobby potenti o di grandi donatori, ma grazie all\u2019impegno dei suoi membri. Aiutaci anche tu a costruire un Grigioni dal basso diventando membro del partito. Presso di noi la tua opinione \u00e8 ascoltata.<\/p>\n\t\t\t\t\t\t\t\t<\/div>\n\t\t\t\t<\/div>\n\t\t\t\t<div class=\"elementor-element elementor-element-06ae568 elementor-widget elementor-widget-spps_button\" data-id=\"06ae568\" data-element_type=\"widget\" data-widget_type=\"spps_button.default\">\n\t\t\t\t<div class=\"elementor-widget-container\">\n\t\t\t\t\t<div class=\"button-wrapper button-wrapper-left\"><a href=\"https:\/\/www.sp-ps.ch\/it\/aderire\/\"  target=\"_self\" class=\"button-link button-link-default\" >DIVENTA MEMBRO<\/a><\/div>\t\t\t\t<\/div>\n\t\t\t\t<\/div>\n\t\t\t\t<div class=\"elementor-element elementor-element-39a46cb elementor-widget elementor-widget-spacer\" data-id=\"39a46cb\" data-element_type=\"widget\" data-widget_type=\"spacer.default\">\n\t\t\t\t<div class=\"elementor-widget-container\">\n\t\t\t\t\t\t\t<div class=\"elementor-spacer\">\n\t\t\t<div class=\"elementor-spacer-inner\"><\/div>\n\t\t<\/div>\n\t\t\t\t\t\t<\/div>\n\t\t\t\t<\/div>\n\t\t\t\t\t<\/div>\n\t\t<\/div>\n\t\t\t\t\t<\/div>\n\t\t<\/section>\n\t\t\t\t<\/div>\n\t\t","protected":false},"excerpt":{"rendered":"<p>Temi Nel PS Grigioni abbiamo commissioni tematiche per ogni ambito politico. Tra le altre cose, partecipano alle consultazioni o redigono documenti su questioni interessanti. Le commissioni sono aperte a tutti [&hellip;]<\/p>\n","protected":false},"author":13,"featured_media":0,"parent":0,"menu_order":2,"comment_status":"closed","ping_status":"closed","template":"","meta":{"footnotes":""},"class_list":["post-91385","page","type-page","status-publish","hentry"],"_links":{"self":[{"href":"https:\/\/sp-gr.ch\/it\/wp-json\/wp\/v2\/pages\/91385","targetHints":{"allow":["GET"]}}],"collection":[{"href":"https:\/\/sp-gr.ch\/it\/wp-json\/wp\/v2\/pages"}],"about":[{"href":"https:\/\/sp-gr.ch\/it\/wp-json\/wp\/v2\/types\/page"}],"author":[{"embeddable":true,"href":"https:\/\/sp-gr.ch\/it\/wp-json\/wp\/v2\/users\/13"}],"replies":[{"embeddable":true,"href":"https:\/\/sp-gr.ch\/it\/wp-json\/wp\/v2\/comments?post=91385"}],"version-history":[{"count":22,"href":"https:\/\/sp-gr.ch\/it\/wp-json\/wp\/v2\/pages\/91385\/revisions"}],"predecessor-version":[{"id":92569,"href":"https:\/\/sp-gr.ch\/it\/wp-json\/wp\/v2\/pages\/91385\/revisions\/92569"}],"wp:attachment":[{"href":"https:\/\/sp-gr.ch\/it\/wp-json\/wp\/v2\/media?parent=91385"}],"curies":[{"name":"wp","href":"https:\/\/api.w.org\/{rel}","templated":true}]}}