{"id":91380,"date":"2024-05-02T11:53:27","date_gmt":"2024-05-02T09:53:27","guid":{"rendered":"https:\/\/gr.spschweiz.ch\/commissione-di-audit-aziendale\/"},"modified":"2024-05-22T17:45:10","modified_gmt":"2024-05-22T15:45:10","slug":"commissione-di-audit-aziendale","status":"publish","type":"page","link":"https:\/\/sp-gr.ch\/it\/commissione-di-audit-aziendale\/","title":{"rendered":"Comissione di gestione"},"content":{"rendered":"\t\t<div data-elementor-type=\"wp-page\" data-elementor-id=\"91380\" class=\"elementor elementor-91380 elementor-90540\" data-elementor-post-type=\"page\">\n\t\t\t\t\t\t<section class=\"elementor-section elementor-top-section elementor-element elementor-element-6ff6817 elementor-section-boxed elementor-section-height-default elementor-section-height-default\" data-id=\"6ff6817\" data-element_type=\"section\" data-settings=\"{&quot;jet_parallax_layout_list&quot;:[],&quot;background_background&quot;:&quot;classic&quot;}\">\n\t\t\t\t\t\t<div class=\"elementor-container elementor-column-gap-wide\">\n\t\t\t\t\t<div class=\"elementor-column elementor-col-100 elementor-top-column elementor-element elementor-element-8cb8a5a\" data-id=\"8cb8a5a\" data-element_type=\"column\">\n\t\t\t<div class=\"elementor-widget-wrap elementor-element-populated\">\n\t\t\t\t\t\t<div class=\"elementor-element elementor-element-abe6469 elementor-widget elementor-widget-heading\" data-id=\"abe6469\" data-element_type=\"widget\" data-widget_type=\"heading.default\">\n\t\t\t\t<div class=\"elementor-widget-container\">\n\t\t\t\t\t<h1 class=\"elementor-heading-title elementor-size-default\">Comissione di gestione<\/h1>\t\t\t\t<\/div>\n\t\t\t\t<\/div>\n\t\t\t\t<div class=\"elementor-element elementor-element-2fb1141 elementor-widget__width-initial elementor-widget elementor-widget-text-editor\" data-id=\"2fb1141\" data-element_type=\"widget\" data-widget_type=\"text-editor.default\">\n\t\t\t\t<div class=\"elementor-widget-container\">\n\t\t\t\t\t\t\t\t\t<p>La Comissione di gestione \u00e8 composta da tre membri. Controlla l\u2019attivit\u00e0 della Presidenza, della Direzione nonch\u00e9 la gestione finanziaria del cassiere.<\/p>\n\t\t\t\t\t\t\t\t<\/div>\n\t\t\t\t<\/div>\n\t\t\t\t\t<\/div>\n\t\t<\/div>\n\t\t\t\t\t<\/div>\n\t\t<\/section>\n\t\t\t\t<section class=\"elementor-section elementor-top-section elementor-element elementor-element-9d579dc elementor-section-boxed elementor-section-height-default elementor-section-height-default\" data-id=\"9d579dc\" data-element_type=\"section\" data-settings=\"{&quot;jet_parallax_layout_list&quot;:[]}\">\n\t\t\t\t\t\t<div class=\"elementor-container elementor-column-gap-default\">\n\t\t\t\t\t<div class=\"elementor-column elementor-col-100 elementor-top-column elementor-element elementor-element-0fd1b83\" data-id=\"0fd1b83\" data-element_type=\"column\">\n\t\t\t<div class=\"elementor-widget-wrap elementor-element-populated\">\n\t\t\t\t\t\t<div class=\"elementor-element elementor-element-b99e240 elementor-widget elementor-widget-spps_person_grid\" data-id=\"b99e240\" data-element_type=\"widget\" data-widget_type=\"spps_person_grid.default\">\n\t\t\t\t<div class=\"elementor-widget-container\">\n\t\t\t\t\t<div class=\"button-list-wrapper \"><div class=\"button-list-container\"><div class=\"persons persons-grid-2\"><div class=\"persons-items\"><div class=\"persons-item\"><div class=\"person-container\"><div class=\"person-portrait\"><a href=\"https:\/\/sp-gr.ch\/it\/person\/reto-bernetta\/\"><img decoding=\"async\" src=\"https:\/\/sp-gr.ch\/wp-content\/themes\/sp-ps-elementor-child\/images\/menschen_fallback.jpg\" alt=\"Person Fallback Portrait\" loading=\"lazy\"><\/a><\/div><div class=\"person-content\"><a href=\"https:\/\/sp-gr.ch\/it\/person\/reto-bernetta\/\" class=\"person-name\"><p><strong>Reto Bernetta<\/strong><\/p><\/a><p class=\"person-position\">Membro della Comissione di gestione<\/p><\/div><\/div><\/div><div class=\"persons-item\"><div class=\"person-container\"><div class=\"person-portrait\"><a href=\"https:\/\/sp-gr.ch\/it\/person\/heini-hagmann\/\"><img decoding=\"async\" src=\"https:\/\/sp-gr.ch\/wp-content\/themes\/sp-ps-elementor-child\/images\/menschen_fallback.jpg\" alt=\"Person Fallback Portrait\" loading=\"lazy\"><\/a><\/div><div class=\"person-content\"><a href=\"https:\/\/sp-gr.ch\/it\/person\/heini-hagmann\/\" class=\"person-name\"><p><strong>Heini Hagmann<\/strong><\/p><\/a><p class=\"person-position\">Membro del Comitato cantonale, Membro della Comissione di gestione<\/p><\/div><\/div><\/div><div class=\"persons-item\"><div class=\"person-container\"><div class=\"person-portrait\"><a href=\"https:\/\/sp-gr.ch\/it\/person\/juerg-looser\/\"><img decoding=\"async\" src=\"https:\/\/sp-gr.ch\/wp-content\/themes\/sp-ps-elementor-child\/images\/menschen_fallback.jpg\" alt=\"Person Fallback Portrait\" loading=\"lazy\"><\/a><\/div><div class=\"person-content\"><a href=\"https:\/\/sp-gr.ch\/it\/person\/juerg-looser\/\" class=\"person-name\"><p><strong>J\u00fcrg Looser<\/strong><\/p><\/a><p class=\"person-position\">Membro della Comissione di gestione<\/p><\/div><\/div><\/div><\/div><\/div><\/div><\/div>\t\t\t\t<\/div>\n\t\t\t\t<\/div>\n\t\t\t\t\t<\/div>\n\t\t<\/div>\n\t\t\t\t\t<\/div>\n\t\t<\/section>\n\t\t\t\t<\/div>\n\t\t","protected":false},"excerpt":{"rendered":"<p>Comissione di gestione La Comissione di gestione \u00e8 composta da tre membri. Controlla l\u2019attivit\u00e0 della Presidenza, della Direzione nonch\u00e9 la gestione finanziaria del cassiere. Reto Bernetta Gesch\u00e4ftspr\u00fcfungskommissionsmitglied Heini Hagmann Parteivorstandsmitglied, [&hellip;]<\/p>\n","protected":false},"author":13,"featured_media":0,"parent":0,"menu_order":5,"comment_status":"closed","ping_status":"closed","template":"","meta":{"footnotes":""},"class_list":["post-91380","page","type-page","status-publish","hentry"],"_links":{"self":[{"href":"https:\/\/sp-gr.ch\/it\/wp-json\/wp\/v2\/pages\/91380","targetHints":{"allow":["GET"]}}],"collection":[{"href":"https:\/\/sp-gr.ch\/it\/wp-json\/wp\/v2\/pages"}],"about":[{"href":"https:\/\/sp-gr.ch\/it\/wp-json\/wp\/v2\/types\/page"}],"author":[{"embeddable":true,"href":"https:\/\/sp-gr.ch\/it\/wp-json\/wp\/v2\/users\/13"}],"replies":[{"embeddable":true,"href":"https:\/\/sp-gr.ch\/it\/wp-json\/wp\/v2\/comments?post=91380"}],"version-history":[{"count":5,"href":"https:\/\/sp-gr.ch\/it\/wp-json\/wp\/v2\/pages\/91380\/revisions"}],"predecessor-version":[{"id":92579,"href":"https:\/\/sp-gr.ch\/it\/wp-json\/wp\/v2\/pages\/91380\/revisions\/92579"}],"wp:attachment":[{"href":"https:\/\/sp-gr.ch\/it\/wp-json\/wp\/v2\/media?parent=91380"}],"curies":[{"name":"wp","href":"https:\/\/api.w.org\/{rel}","templated":true}]}}