{"id":91370,"date":"2024-05-02T11:48:15","date_gmt":"2024-05-02T09:48:15","guid":{"rendered":"https:\/\/gr.spschweiz.ch\/presidio\/"},"modified":"2024-05-22T17:43:50","modified_gmt":"2024-05-22T15:43:50","slug":"presidio","status":"publish","type":"page","link":"https:\/\/sp-gr.ch\/it\/presidio\/","title":{"rendered":"Presidenza"},"content":{"rendered":"\t\t<div data-elementor-type=\"wp-page\" data-elementor-id=\"91370\" class=\"elementor elementor-91370 elementor-90442\" data-elementor-post-type=\"page\">\n\t\t\t\t\t\t<section class=\"elementor-section elementor-top-section elementor-element elementor-element-f2a6830 elementor-section-boxed elementor-section-height-default elementor-section-height-default\" data-id=\"f2a6830\" data-element_type=\"section\" data-settings=\"{&quot;jet_parallax_layout_list&quot;:[],&quot;background_background&quot;:&quot;classic&quot;}\">\n\t\t\t\t\t\t<div class=\"elementor-container elementor-column-gap-wide\">\n\t\t\t\t\t<div class=\"elementor-column elementor-col-100 elementor-top-column elementor-element elementor-element-be14f5b\" data-id=\"be14f5b\" data-element_type=\"column\">\n\t\t\t<div class=\"elementor-widget-wrap elementor-element-populated\">\n\t\t\t\t\t\t<div class=\"elementor-element elementor-element-2624ced elementor-widget elementor-widget-heading\" data-id=\"2624ced\" data-element_type=\"widget\" data-widget_type=\"heading.default\">\n\t\t\t\t<div class=\"elementor-widget-container\">\n\t\t\t\t\t<h1 class=\"elementor-heading-title elementor-size-default\">Presidenza <\/h1>\t\t\t\t<\/div>\n\t\t\t\t<\/div>\n\t\t\t\t<div class=\"elementor-element elementor-element-e25128f elementor-widget__width-initial elementor-widget elementor-widget-text-editor\" data-id=\"e25128f\" data-element_type=\"widget\" data-widget_type=\"text-editor.default\">\n\t\t\t\t<div class=\"elementor-widget-container\">\n\t\t\t\t\t\t\t\t\t<p>La presidenza \u00e8 l&#8217;organo operativo del PS Grigioni. \u00c8 composto dal\/dalla presidente, dal\/dalla vicepresidente e dal\/la segretario\/a del partito.<\/p>\n\t\t\t\t\t\t\t\t<\/div>\n\t\t\t\t<\/div>\n\t\t\t\t\t<\/div>\n\t\t<\/div>\n\t\t\t\t\t<\/div>\n\t\t<\/section>\n\t\t\t\t<section class=\"elementor-section elementor-top-section elementor-element elementor-element-9d579dc elementor-section-boxed elementor-section-height-default elementor-section-height-default\" data-id=\"9d579dc\" data-element_type=\"section\" data-settings=\"{&quot;jet_parallax_layout_list&quot;:[]}\">\n\t\t\t\t\t\t<div class=\"elementor-container elementor-column-gap-default\">\n\t\t\t\t\t<div class=\"elementor-column elementor-col-100 elementor-top-column elementor-element elementor-element-0fd1b83\" data-id=\"0fd1b83\" data-element_type=\"column\">\n\t\t\t<div class=\"elementor-widget-wrap elementor-element-populated\">\n\t\t\t\t\t\t<div class=\"elementor-element elementor-element-b99e240 elementor-widget elementor-widget-spps_person_grid\" data-id=\"b99e240\" data-element_type=\"widget\" data-widget_type=\"spps_person_grid.default\">\n\t\t\t\t<div class=\"elementor-widget-container\">\n\t\t\t\t\t<div class=\"button-list-wrapper wrapper-spacing-default\"><div class=\"button-list-title\"><h2>Presidenza e Vicepresidenza<\/h2><\/div><div class=\"button-list-container\"><div class=\"persons persons-grid-2\"><div class=\"persons-items\"><div class=\"persons-item\"><div class=\"person-container\"><div class=\"person-portrait\"><a href=\"https:\/\/sp-gr.ch\/it\/person\/lukas-horrer\/\"><img decoding=\"async\" src=\"https:\/\/sp-gr.ch\/wp-content\/uploads\/2024\/04\/Horrer_Lukas_web-2-600x600.jpg?v=1713793951\" alt=\"Lukas Horrer\" loading=\"lazy\"><\/a><\/div><div class=\"person-content\"><a href=\"https:\/\/sp-gr.ch\/it\/person\/lukas-horrer\/\" class=\"person-name\"><p><strong>Lukas Horrer<\/strong><\/p><\/a><p class=\"person-position\">Vicepresidente PS Grigione<\/p><\/div><\/div><\/div><div class=\"persons-item\"><div class=\"person-container\"><div class=\"person-portrait\"><a href=\"https:\/\/sp-gr.ch\/it\/person\/julia-mueller\/\"><img decoding=\"async\" src=\"https:\/\/sp-gr.ch\/wp-content\/uploads\/2024\/04\/Mueller_Julia_web-1-600x600.jpg?v=1713792607\" alt=\"Julia M\u00fcller\" loading=\"lazy\"><\/a><\/div><div class=\"person-content\"><a href=\"https:\/\/sp-gr.ch\/it\/person\/julia-mueller\/\" class=\"person-name\"><p><strong>Julia M\u00fcller<\/strong><\/p><\/a><p class=\"person-position\">Granconsigliera, Presidente PS Grigioni<\/p><\/div><\/div><\/div><\/div><\/div><\/div><\/div>\t\t\t\t<\/div>\n\t\t\t\t<\/div>\n\t\t\t\t\t<\/div>\n\t\t<\/div>\n\t\t\t\t\t<\/div>\n\t\t<\/section>\n\t\t\t\t<section class=\"elementor-section elementor-top-section elementor-element elementor-element-34528b8 elementor-section-boxed elementor-section-height-default elementor-section-height-default\" data-id=\"34528b8\" data-element_type=\"section\" data-settings=\"{&quot;jet_parallax_layout_list&quot;:[]}\">\n\t\t\t\t\t\t<div class=\"elementor-container elementor-column-gap-default\">\n\t\t\t\t\t<div class=\"elementor-column elementor-col-100 elementor-top-column elementor-element elementor-element-15b467a\" data-id=\"15b467a\" data-element_type=\"column\">\n\t\t\t<div class=\"elementor-widget-wrap elementor-element-populated\">\n\t\t\t\t\t\t<div class=\"elementor-element elementor-element-d4be29e elementor-widget elementor-widget-spps_person_grid\" data-id=\"d4be29e\" data-element_type=\"widget\" data-widget_type=\"spps_person_grid.default\">\n\t\t\t\t<div class=\"elementor-widget-container\">\n\t\t\t\t\t<div class=\"button-list-wrapper wrapper-spacing-default\"><div class=\"button-list-title\"><h2>Segretariato<\/h2><\/div><div class=\"button-list-container\"><div class=\"persons persons-grid-2\"><div class=\"persons-items\"><div class=\"persons-item\"><div class=\"person-container\"><div class=\"person-portrait\"><a href=\"https:\/\/sp-gr.ch\/it\/person\/joshua-verhoeven\/\"><img decoding=\"async\" src=\"https:\/\/sp-gr.ch\/wp-content\/uploads\/2024\/04\/Joshua-Verhoeven_0090-Edit.jpg?v=1713794517\" alt=\"Joshua Wada\" loading=\"lazy\"><\/a><\/div><div class=\"person-content\"><a href=\"https:\/\/sp-gr.ch\/it\/person\/joshua-verhoeven\/\" class=\"person-name\"><p><strong>Joshua Wada<\/strong><\/p><\/a><p class=\"person-position\">Segretario del partito e della frazione, Presidente PS Davos<\/p><\/div><\/div><\/div><\/div><\/div><\/div><\/div>\t\t\t\t<\/div>\n\t\t\t\t<\/div>\n\t\t\t\t\t<\/div>\n\t\t<\/div>\n\t\t\t\t\t<\/div>\n\t\t<\/section>\n\t\t\t\t<\/div>\n\t\t","protected":false},"excerpt":{"rendered":"<p>Presidenza La presidenza \u00e8 l&#8217;organo operativo del PS Grigioni. \u00c8 composto dal\/dalla presidente, dal\/dalla vicepresidente e dal\/la segretario\/a del partito. Presidenza e Vicepresidenza Julia M\u00fcller Grossr\u00e4tin, Pr\u00e4sidentin SP GR Lukas [&hellip;]<\/p>\n","protected":false},"author":13,"featured_media":0,"parent":0,"menu_order":4,"comment_status":"closed","ping_status":"closed","template":"","meta":{"footnotes":""},"class_list":["post-91370","page","type-page","status-publish","hentry"],"_links":{"self":[{"href":"https:\/\/sp-gr.ch\/it\/wp-json\/wp\/v2\/pages\/91370","targetHints":{"allow":["GET"]}}],"collection":[{"href":"https:\/\/sp-gr.ch\/it\/wp-json\/wp\/v2\/pages"}],"about":[{"href":"https:\/\/sp-gr.ch\/it\/wp-json\/wp\/v2\/types\/page"}],"author":[{"embeddable":true,"href":"https:\/\/sp-gr.ch\/it\/wp-json\/wp\/v2\/users\/13"}],"replies":[{"embeddable":true,"href":"https:\/\/sp-gr.ch\/it\/wp-json\/wp\/v2\/comments?post=91370"}],"version-history":[{"count":4,"href":"https:\/\/sp-gr.ch\/it\/wp-json\/wp\/v2\/pages\/91370\/revisions"}],"predecessor-version":[{"id":92576,"href":"https:\/\/sp-gr.ch\/it\/wp-json\/wp\/v2\/pages\/91370\/revisions\/92576"}],"wp:attachment":[{"href":"https:\/\/sp-gr.ch\/it\/wp-json\/wp\/v2\/media?parent=91370"}],"curies":[{"name":"wp","href":"https:\/\/api.w.org\/{rel}","templated":true}]}}