{"id":91319,"date":"2024-05-02T11:17:32","date_gmt":"2024-05-02T09:17:32","guid":{"rendered":"https:\/\/gr.spschweiz.ch\/i-nostri-obiettivi\/"},"modified":"2024-05-02T11:18:19","modified_gmt":"2024-05-02T09:18:19","slug":"i-nostri-obiettivi","status":"publish","type":"page","link":"https:\/\/sp-gr.ch\/it\/i-nostri-obiettivi\/","title":{"rendered":"I nostri obiettivi"},"content":{"rendered":"\t\t<div data-elementor-type=\"wp-post\" data-elementor-id=\"91319\" class=\"elementor elementor-91319 elementor-90168\" data-elementor-post-type=\"page\">\n\t\t\t\t\t\t<section class=\"elementor-section elementor-top-section elementor-element elementor-element-7b547f1 elementor-section-full_width elementor-section-height-default elementor-section-height-default\" data-id=\"7b547f1\" data-element_type=\"section\" data-settings=\"{&quot;jet_parallax_layout_list&quot;:[],&quot;background_background&quot;:&quot;classic&quot;}\">\n\t\t\t\t\t\t<div class=\"elementor-container elementor-column-gap-default\">\n\t\t\t\t\t<div class=\"elementor-column elementor-col-100 elementor-top-column elementor-element elementor-element-aecd980\" data-id=\"aecd980\" data-element_type=\"column\" data-settings=\"{&quot;background_background&quot;:&quot;classic&quot;}\">\n\t\t\t<div class=\"elementor-widget-wrap elementor-element-populated\">\n\t\t\t\t\t\t<div class=\"elementor-element elementor-element-11c2fe9 elementor-widget elementor-widget-spacer\" data-id=\"11c2fe9\" data-element_type=\"widget\" data-widget_type=\"spacer.default\">\n\t\t\t\t<div class=\"elementor-widget-container\">\n\t\t\t\t\t\t\t<div class=\"elementor-spacer\">\n\t\t\t<div class=\"elementor-spacer-inner\"><\/div>\n\t\t<\/div>\n\t\t\t\t\t\t<\/div>\n\t\t\t\t<\/div>\n\t\t\t\t<div class=\"elementor-element elementor-element-2f40058 elementor-widget elementor-widget-heading\" data-id=\"2f40058\" data-element_type=\"widget\" data-widget_type=\"heading.default\">\n\t\t\t\t<div class=\"elementor-widget-container\">\n\t\t\t\t\t<h2 class=\"elementor-heading-title elementor-size-default\">I NOSTRI OBIETTIVI<\/h2>\t\t\t\t<\/div>\n\t\t\t\t<\/div>\n\t\t\t\t<div class=\"elementor-element elementor-element-fdaf03e elementor-widget elementor-widget-spacer\" data-id=\"fdaf03e\" data-element_type=\"widget\" data-widget_type=\"spacer.default\">\n\t\t\t\t<div class=\"elementor-widget-container\">\n\t\t\t\t\t\t\t<div class=\"elementor-spacer\">\n\t\t\t<div class=\"elementor-spacer-inner\"><\/div>\n\t\t<\/div>\n\t\t\t\t\t\t<\/div>\n\t\t\t\t<\/div>\n\t\t\t\t\t<\/div>\n\t\t<\/div>\n\t\t\t\t\t<\/div>\n\t\t<\/section>\n\t\t\t\t<section class=\"elementor-section elementor-top-section elementor-element elementor-element-642b70c759ef7 elementor-section-full_width elementor-hidden-mobile elementor-section-height-default elementor-section-height-default\" data-id=\"642b70c759ef7\" data-element_type=\"section\" data-settings=\"{&quot;jet_parallax_layout_list&quot;:[]}\">\n\t\t\t\t\t\t<div class=\"elementor-container elementor-column-gap-no\">\n\t\t\t\t\t<div class=\"elementor-column elementor-col-100 elementor-top-column elementor-element elementor-element-21657a8\" data-id=\"21657a8\" data-element_type=\"column\">\n\t\t\t<div class=\"elementor-widget-wrap elementor-element-populated\">\n\t\t\t\t\t\t<div class=\"elementor-element elementor-element-7e6e9c8 elementor-widget elementor-widget-spacer\" data-id=\"7e6e9c8\" data-element_type=\"widget\" data-widget_type=\"spacer.default\">\n\t\t\t\t<div class=\"elementor-widget-container\">\n\t\t\t\t\t\t\t<div class=\"elementor-spacer\">\n\t\t\t<div class=\"elementor-spacer-inner\"><\/div>\n\t\t<\/div>\n\t\t\t\t\t\t<\/div>\n\t\t\t\t<\/div>\n\t\t\t\t<div class=\"elementor-element elementor-element-d47d7bc elementor-widget elementor-widget-text-editor\" data-id=\"d47d7bc\" data-element_type=\"widget\" data-widget_type=\"text-editor.default\">\n\t\t\t\t<div class=\"elementor-widget-container\">\n\t\t\t\t\t\t\t\t\t<p>I Grigioni devono diventare pi\u00f9 progressisti, sociali ed ecologici.<\/p>\n<p>Vogliamo che il nostro Cantone sia all&#8217;avanguardia nella protezione del clima e nella cura della natura. Vogliamo che la famiglia sia un&#8217;opportunit\u00e0 e non un peso. Vogliamo una maggiore diversit\u00e0, anzich\u00e9 la solita vecchia storia. E vogliamo uno spirito di progresso: Investiamo in buoni salari, istruzione, ricerca e cultura.<\/p>\n\t\t\t\t\t\t\t\t<\/div>\n\t\t\t\t<\/div>\n\t\t\t\t<div class=\"elementor-element elementor-element-cd2e567 elementor-widget elementor-widget-spps_button\" data-id=\"cd2e567\" data-element_type=\"widget\" data-widget_type=\"spps_button.default\">\n\t\t\t\t<div class=\"elementor-widget-container\">\n\t\t\t\t\t<div class=\"button-wrapper button-wrapper-left\"><a href=\"https:\/\/sp-gr.ch\/wp-content\/uploads\/2023\/05\/Parteiprogramm-SPGR2.pdf\"  target=\"_self\" class=\"button-link button-link-default\" >Programma del partito<\/a><\/div>\t\t\t\t<\/div>\n\t\t\t\t<\/div>\n\t\t\t\t\t<\/div>\n\t\t<\/div>\n\t\t\t\t\t<\/div>\n\t\t<\/section>\n\t\t\t\t<section class=\"elementor-section elementor-top-section elementor-element elementor-element-b1d110f elementor-hidden-desktop elementor-hidden-tablet elementor-section-boxed elementor-section-height-default elementor-section-height-default\" data-id=\"b1d110f\" data-element_type=\"section\" data-settings=\"{&quot;jet_parallax_layout_list&quot;:[]}\">\n\t\t\t\t\t\t<div class=\"elementor-container elementor-column-gap-no\">\n\t\t\t\t\t<div class=\"elementor-column elementor-col-100 elementor-top-column elementor-element elementor-element-65093f1\" data-id=\"65093f1\" data-element_type=\"column\">\n\t\t\t<div class=\"elementor-widget-wrap elementor-element-populated\">\n\t\t\t\t\t\t<div class=\"elementor-element elementor-element-733a094 elementor-widget elementor-widget-spacer\" data-id=\"733a094\" data-element_type=\"widget\" data-widget_type=\"spacer.default\">\n\t\t\t\t<div class=\"elementor-widget-container\">\n\t\t\t\t\t\t\t<div class=\"elementor-spacer\">\n\t\t\t<div class=\"elementor-spacer-inner\"><\/div>\n\t\t<\/div>\n\t\t\t\t\t\t<\/div>\n\t\t\t\t<\/div>\n\t\t\t\t<div class=\"elementor-element elementor-element-3bdbc25 elementor-widget elementor-widget-text-editor\" data-id=\"3bdbc25\" data-element_type=\"widget\" data-widget_type=\"text-editor.default\">\n\t\t\t\t<div class=\"elementor-widget-container\">\n\t\t\t\t\t\t\t\t\t<p>I Grigioni devono diventare pi\u00f9 progressisti, sociali ed ecologici.<\/p>\n<p>Vogliamo che il nostro Cantone sia all&#8217;avanguardia nella protezione del clima e nella cura della natura. Vogliamo che la famiglia sia un&#8217;opportunit\u00e0 e non un peso. Vogliamo una maggiore diversit\u00e0, anzich\u00e9 la solita vecchia storia. E vogliamo uno spirito di progresso: Investiamo in buoni salari, istruzione, ricerca e cultura.<\/p>\n\t\t\t\t\t\t\t\t<\/div>\n\t\t\t\t<\/div>\n\t\t\t\t<div class=\"elementor-element elementor-element-7047fe7 elementor-widget elementor-widget-spps_button\" data-id=\"7047fe7\" data-element_type=\"widget\" data-widget_type=\"spps_button.default\">\n\t\t\t\t<div class=\"elementor-widget-container\">\n\t\t\t\t\t<div class=\"button-wrapper button-wrapper-left\"><a href=\"https:\/\/sp-gr.ch\/wp-content\/uploads\/2023\/05\/Parteiprogramm-SPGR2.pdf\"  target=\"_self\" class=\"button-link button-link-default\" >Programma del partito<\/a><\/div>\t\t\t\t<\/div>\n\t\t\t\t<\/div>\n\t\t\t\t\t<\/div>\n\t\t<\/div>\n\t\t\t\t\t<\/div>\n\t\t<\/section>\n\t\t\t\t<\/div>\n\t\t","protected":false},"excerpt":{"rendered":"<p>I NOSTRI OBIETTIVI I Grigioni devono diventare pi\u00f9 progressisti, sociali ed ecologici. Vogliamo che il nostro Cantone sia all&#8217;avanguardia nella protezione del clima e nella cura della natura. Vogliamo che [&hellip;]<\/p>\n","protected":false},"author":13,"featured_media":0,"parent":0,"menu_order":1,"comment_status":"closed","ping_status":"closed","template":"","meta":{"footnotes":""},"class_list":["post-91319","page","type-page","status-publish","hentry"],"_links":{"self":[{"href":"https:\/\/sp-gr.ch\/it\/wp-json\/wp\/v2\/pages\/91319","targetHints":{"allow":["GET"]}}],"collection":[{"href":"https:\/\/sp-gr.ch\/it\/wp-json\/wp\/v2\/pages"}],"about":[{"href":"https:\/\/sp-gr.ch\/it\/wp-json\/wp\/v2\/types\/page"}],"author":[{"embeddable":true,"href":"https:\/\/sp-gr.ch\/it\/wp-json\/wp\/v2\/users\/13"}],"replies":[{"embeddable":true,"href":"https:\/\/sp-gr.ch\/it\/wp-json\/wp\/v2\/comments?post=91319"}],"version-history":[{"count":3,"href":"https:\/\/sp-gr.ch\/it\/wp-json\/wp\/v2\/pages\/91319\/revisions"}],"predecessor-version":[{"id":91322,"href":"https:\/\/sp-gr.ch\/it\/wp-json\/wp\/v2\/pages\/91319\/revisions\/91322"}],"wp:attachment":[{"href":"https:\/\/sp-gr.ch\/it\/wp-json\/wp\/v2\/media?parent=91319"}],"curies":[{"name":"wp","href":"https:\/\/api.w.org\/{rel}","templated":true}]}}